{"id":129,"date":"2023-10-23T01:35:56","date_gmt":"2023-10-23T01:35:56","guid":{"rendered":"https:\/\/demo2wpopal.b-cdn.net\/fazfood\/?page_id=129"},"modified":"2026-04-16T15:40:47","modified_gmt":"2026-04-16T12:40:47","slug":"galleri","status":"publish","type":"page","link":"https:\/\/mevzubahis.com.tr\/index.php\/galleri\/","title":{"rendered":"Galleri"},"content":{"rendered":"\t\t<div data-elementor-type=\"wp-page\" data-elementor-id=\"129\" class=\"elementor elementor-129\">\n\t\t\t\t<div class=\"elementor-element elementor-element-84d1753 e-flex e-con-boxed e-con e-parent\" data-id=\"84d1753\" data-element_type=\"container\" data-e-type=\"container\">\n\t\t\t\t\t<div class=\"e-con-inner\">\n\t\t\t\t<div class=\"elementor-element elementor-element-835f92d layout-masonry-yes elementor-widget elementor-widget-fazfood-image-gallery\" data-id=\"835f92d\" data-element_type=\"widget\" data-e-type=\"widget\" data-widget_type=\"fazfood-image-gallery.default\">\n\t\t\t\t<div class=\"elementor-widget-container\">\n\t\t\t\t\t\n        <div class=\"elementor-opal-image-gallery\">\n            <div class=\"d-grid\">\n                                    <div class=\"grid__item masonry-item__all grid-item gallery_group_0\">\n                                                <a data-elementor-open-lightbox=\"yes\" data-elementor-lightbox-slideshow=\"835f92d\" data-elementor-lightbox-title=\"gallery1\" data-e-action-hash=\"#elementor-action%3Aaction%3Dlightbox%26settings%3DeyJpZCI6MzI0NywidXJsIjoiaHR0cHM6XC9cL21ldnp1YmFoaXMuY29tLnRyXC93cC1jb250ZW50XC91cGxvYWRzXC8yMDIzXC8xMFwvZ2FsbGVyeTEuanBnIiwic2xpZGVzaG93IjoiODM1ZjkyZCJ9\" href=\"https:\/\/mevzubahis.com.tr\/wp-content\/uploads\/2023\/10\/gallery1.jpg\">\n                            <img decoding=\"async\" src=\"https:\/\/mevzubahis.com.tr\/wp-content\/uploads\/2023\/10\/gallery1.jpg\" alt=\"gallery1\"\/>\n                        <\/a>\n                    <\/div>\n                                        <div class=\"grid__item masonry-item__all grid-item gallery_group_0\">\n                                                <a data-elementor-open-lightbox=\"yes\" data-elementor-lightbox-slideshow=\"835f92d\" data-elementor-lightbox-title=\"gallery2\" data-e-action-hash=\"#elementor-action%3Aaction%3Dlightbox%26settings%3DeyJpZCI6MzI0OCwidXJsIjoiaHR0cHM6XC9cL21ldnp1YmFoaXMuY29tLnRyXC93cC1jb250ZW50XC91cGxvYWRzXC8yMDIzXC8xMFwvZ2FsbGVyeTIuanBnIiwic2xpZGVzaG93IjoiODM1ZjkyZCJ9\" href=\"https:\/\/mevzubahis.com.tr\/wp-content\/uploads\/2023\/10\/gallery2.jpg\">\n                            <img decoding=\"async\" src=\"https:\/\/mevzubahis.com.tr\/wp-content\/uploads\/2023\/10\/gallery2.jpg\" alt=\"gallery2\"\/>\n                        <\/a>\n                    <\/div>\n                                        <div class=\"grid__item masonry-item__all grid-item gallery_group_0\">\n                                                <a data-elementor-open-lightbox=\"yes\" data-elementor-lightbox-slideshow=\"835f92d\" data-elementor-lightbox-title=\"gallery3\" data-e-action-hash=\"#elementor-action%3Aaction%3Dlightbox%26settings%3DeyJpZCI6MzI0OSwidXJsIjoiaHR0cHM6XC9cL21ldnp1YmFoaXMuY29tLnRyXC93cC1jb250ZW50XC91cGxvYWRzXC8yMDIzXC8xMFwvZ2FsbGVyeTMuanBnIiwic2xpZGVzaG93IjoiODM1ZjkyZCJ9\" href=\"https:\/\/mevzubahis.com.tr\/wp-content\/uploads\/2023\/10\/gallery3.jpg\">\n                            <img decoding=\"async\" src=\"https:\/\/mevzubahis.com.tr\/wp-content\/uploads\/2023\/10\/gallery3.jpg\" alt=\"gallery3\"\/>\n                        <\/a>\n                    <\/div>\n                                        <div class=\"grid__item masonry-item__all grid-item gallery_group_0\">\n                                                <a data-elementor-open-lightbox=\"yes\" data-elementor-lightbox-slideshow=\"835f92d\" data-elementor-lightbox-title=\"gallery4\" data-e-action-hash=\"#elementor-action%3Aaction%3Dlightbox%26settings%3DeyJpZCI6MzI1MCwidXJsIjoiaHR0cHM6XC9cL21ldnp1YmFoaXMuY29tLnRyXC93cC1jb250ZW50XC91cGxvYWRzXC8yMDIzXC8xMFwvZ2FsbGVyeTQuanBnIiwic2xpZGVzaG93IjoiODM1ZjkyZCJ9\" href=\"https:\/\/mevzubahis.com.tr\/wp-content\/uploads\/2023\/10\/gallery4.jpg\">\n                            <img decoding=\"async\" src=\"https:\/\/mevzubahis.com.tr\/wp-content\/uploads\/2023\/10\/gallery4.jpg\" alt=\"gallery4\"\/>\n                        <\/a>\n                    <\/div>\n                                        <div class=\"grid__item masonry-item__all grid-item gallery_group_0\">\n                                                <a data-elementor-open-lightbox=\"yes\" data-elementor-lightbox-slideshow=\"835f92d\" data-elementor-lightbox-title=\"gallery5\" data-e-action-hash=\"#elementor-action%3Aaction%3Dlightbox%26settings%3DeyJpZCI6MzI1MSwidXJsIjoiaHR0cHM6XC9cL21ldnp1YmFoaXMuY29tLnRyXC93cC1jb250ZW50XC91cGxvYWRzXC8yMDIzXC8xMFwvZ2FsbGVyeTUuanBnIiwic2xpZGVzaG93IjoiODM1ZjkyZCJ9\" href=\"https:\/\/mevzubahis.com.tr\/wp-content\/uploads\/2023\/10\/gallery5.jpg\">\n                            <img decoding=\"async\" src=\"https:\/\/mevzubahis.com.tr\/wp-content\/uploads\/2023\/10\/gallery5.jpg\" alt=\"gallery5\"\/>\n                        <\/a>\n                    <\/div>\n                                        <div class=\"grid__item masonry-item__all grid-item gallery_group_0\">\n                                                <a data-elementor-open-lightbox=\"yes\" data-elementor-lightbox-slideshow=\"835f92d\" data-elementor-lightbox-title=\"gallery6\" data-e-action-hash=\"#elementor-action%3Aaction%3Dlightbox%26settings%3DeyJpZCI6MzI1MiwidXJsIjoiaHR0cHM6XC9cL21ldnp1YmFoaXMuY29tLnRyXC93cC1jb250ZW50XC91cGxvYWRzXC8yMDIzXC8xMFwvZ2FsbGVyeTYuanBnIiwic2xpZGVzaG93IjoiODM1ZjkyZCJ9\" href=\"https:\/\/mevzubahis.com.tr\/wp-content\/uploads\/2023\/10\/gallery6.jpg\">\n                            <img decoding=\"async\" src=\"https:\/\/mevzubahis.com.tr\/wp-content\/uploads\/2023\/10\/gallery6.jpg\" alt=\"gallery6\"\/>\n                        <\/a>\n                    <\/div>\n                                        <div class=\"grid__item masonry-item__all grid-item gallery_group_0\">\n                                                <a data-elementor-open-lightbox=\"yes\" data-elementor-lightbox-slideshow=\"835f92d\" data-elementor-lightbox-title=\"gallery7\" data-e-action-hash=\"#elementor-action%3Aaction%3Dlightbox%26settings%3DeyJpZCI6MzI1MywidXJsIjoiaHR0cHM6XC9cL21ldnp1YmFoaXMuY29tLnRyXC93cC1jb250ZW50XC91cGxvYWRzXC8yMDIzXC8xMFwvZ2FsbGVyeTcuanBnIiwic2xpZGVzaG93IjoiODM1ZjkyZCJ9\" href=\"https:\/\/mevzubahis.com.tr\/wp-content\/uploads\/2023\/10\/gallery7.jpg\">\n                            <img decoding=\"async\" src=\"https:\/\/mevzubahis.com.tr\/wp-content\/uploads\/2023\/10\/gallery7.jpg\" alt=\"gallery7\"\/>\n                        <\/a>\n                    <\/div>\n                                        <div class=\"grid__item masonry-item__all grid-item gallery_group_0\">\n                                                <a data-elementor-open-lightbox=\"yes\" data-elementor-lightbox-slideshow=\"835f92d\" data-elementor-lightbox-title=\"gallery8\" data-e-action-hash=\"#elementor-action%3Aaction%3Dlightbox%26settings%3DeyJpZCI6MzI1NCwidXJsIjoiaHR0cHM6XC9cL21ldnp1YmFoaXMuY29tLnRyXC93cC1jb250ZW50XC91cGxvYWRzXC8yMDIzXC8xMFwvZ2FsbGVyeTguanBnIiwic2xpZGVzaG93IjoiODM1ZjkyZCJ9\" href=\"https:\/\/mevzubahis.com.tr\/wp-content\/uploads\/2023\/10\/gallery8.jpg\">\n                            <img decoding=\"async\" src=\"https:\/\/mevzubahis.com.tr\/wp-content\/uploads\/2023\/10\/gallery8.jpg\" alt=\"gallery8\"\/>\n                        <\/a>\n                    <\/div>\n                                        <div class=\"grid__item masonry-item__all grid-item gallery_group_0\">\n                                                <a data-elementor-open-lightbox=\"yes\" data-elementor-lightbox-slideshow=\"835f92d\" data-elementor-lightbox-title=\"gallery9\" data-e-action-hash=\"#elementor-action%3Aaction%3Dlightbox%26settings%3DeyJpZCI6MzI1NSwidXJsIjoiaHR0cHM6XC9cL21ldnp1YmFoaXMuY29tLnRyXC93cC1jb250ZW50XC91cGxvYWRzXC8yMDIzXC8xMFwvZ2FsbGVyeTkuanBnIiwic2xpZGVzaG93IjoiODM1ZjkyZCJ9\" href=\"https:\/\/mevzubahis.com.tr\/wp-content\/uploads\/2023\/10\/gallery9.jpg\">\n                            <img decoding=\"async\" src=\"https:\/\/mevzubahis.com.tr\/wp-content\/uploads\/2023\/10\/gallery9.jpg\" alt=\"gallery9\"\/>\n                        <\/a>\n                    <\/div>\n                                        <div class=\"grid__item masonry-item__all grid-item gallery_group_0\">\n                                                <a data-elementor-open-lightbox=\"yes\" data-elementor-lightbox-slideshow=\"835f92d\" data-elementor-lightbox-title=\"gallery10\" data-e-action-hash=\"#elementor-action%3Aaction%3Dlightbox%26settings%3DeyJpZCI6MzI1NiwidXJsIjoiaHR0cHM6XC9cL21ldnp1YmFoaXMuY29tLnRyXC93cC1jb250ZW50XC91cGxvYWRzXC8yMDIzXC8xMFwvZ2FsbGVyeTEwLmpwZyIsInNsaWRlc2hvdyI6IjgzNWY5MmQifQ%3D%3D\" href=\"https:\/\/mevzubahis.com.tr\/wp-content\/uploads\/2023\/10\/gallery10.jpg\">\n                            <img decoding=\"async\" src=\"https:\/\/mevzubahis.com.tr\/wp-content\/uploads\/2023\/10\/gallery10.jpg\" alt=\"gallery10\"\/>\n                        <\/a>\n                    <\/div>\n                                <\/div>\n        <\/div>\n                \n        \t\t\t\t<\/div>\n\t\t\t\t<\/div>\n\t\t\t\t<div class=\"elementor-element elementor-element-11f57cb elementor-absolute elementor-hidden-mobile elementor-hidden-mobile_extra elementor-hidden-laptop elementor-hidden-tablet_extra elementor-hidden-tablet elementor-widget elementor-widget-image\" data-id=\"11f57cb\" data-element_type=\"widget\" data-e-type=\"widget\" data-settings=\"{&quot;_position&quot;:&quot;absolute&quot;}\" data-widget_type=\"image.default\">\n\t\t\t\t\t\t\t\t\t\t\t\t\t\t\t<img fetchpriority=\"high\" decoding=\"async\" width=\"273\" height=\"418\" src=\"https:\/\/mevzubahis.com.tr\/wp-content\/uploads\/2023\/10\/h5_decor.png\" class=\"attachment-full size-full wp-image-3391\" alt=\"\" srcset=\"https:\/\/mevzubahis.com.tr\/wp-content\/uploads\/2023\/10\/h5_decor.png 273w, https:\/\/mevzubahis.com.tr\/wp-content\/uploads\/2023\/10\/h5_decor-196x300.png 196w\" sizes=\"(max-width: 273px) 100vw, 273px\" \/>\t\t\t\t\t\t\t\t\t\t\t\t\t\t\t<\/div>\n\t\t\t\t<div class=\"elementor-element elementor-element-23f4381 show-effect-yes elementor-button-default elementor-widget elementor-widget-button\" data-id=\"23f4381\" data-element_type=\"widget\" data-e-type=\"widget\" data-widget_type=\"button.default\">\n\t\t\t\t\t\t\t\t\t\t<a class=\"elementor-button elementor-button-link elementor-size-sm\" href=\"#\">\n\t\t\t\t\t\t<span class=\"elementor-button-content-wrapper\">\n\t\t\t\t\t\t<span class=\"elementor-button-icon\">\n\t\t\t\t<i aria-hidden=\"true\" class=\"fazfood-icon- fazfood-icon-arrow-alt\"><\/i>\t\t\t<\/span>\n\t\t\t\t\t\t\t\t\t<span class=\"elementor-button-text\">READ MORE<\/span>\n\t\t\t\t\t<\/span>\n\t\t\t\t\t<\/a>\n\t\t\t\t\t\t\t\t<\/div>\n\t\t\t\t\t<\/div>\n\t\t\t\t<\/div>\n\t\t\t\t<\/div>\n\t\t","protected":false},"excerpt":{"rendered":"","protected":false},"author":1,"featured_media":0,"parent":0,"menu_order":0,"comment_status":"closed","ping_status":"closed","template":"template-homepage.php","meta":{"footnotes":""},"class_list":["post-129","page","type-page","status-publish","hentry"],"yoast_head":"<!-- This site is optimized with the Yoast SEO plugin v27.4 - https:\/\/yoast.com\/product\/yoast-seo-wordpress\/ -->\n<title>Galleri - Mevzubahis \u00c7i\u011fk\u00f6fte<\/title>\n<meta name=\"robots\" content=\"noindex, follow, max-snippet:-1, max-image-preview:large, max-video-preview:-1\" \/>\n<meta property=\"og:locale\" content=\"tr_TR\" \/>\n<meta property=\"og:type\" content=\"article\" \/>\n<meta property=\"og:title\" content=\"Galleri - Mevzubahis \u00c7i\u011fk\u00f6fte\" \/>\n<meta property=\"og:url\" content=\"https:\/\/mevzubahis.com.tr\/index.php\/galleri\/\" \/>\n<meta property=\"og:site_name\" content=\"Mevzubahis \u00c7i\u011fk\u00f6fte\" \/>\n<meta property=\"article:modified_time\" content=\"2026-04-16T12:40:47+00:00\" \/>\n<meta name=\"twitter:card\" content=\"summary_large_image\" \/>\n<script type=\"application\/ld+json\" class=\"yoast-schema-graph\">{\"@context\":\"https:\\\/\\\/schema.org\",\"@graph\":[{\"@type\":\"WebPage\",\"@id\":\"https:\\\/\\\/mevzubahis.com.tr\\\/index.php\\\/galleri\\\/\",\"url\":\"https:\\\/\\\/mevzubahis.com.tr\\\/index.php\\\/galleri\\\/\",\"name\":\"Galleri - Mevzubahis \u00c7i\u011fk\u00f6fte\",\"isPartOf\":{\"@id\":\"https:\\\/\\\/mevzubahis.com.tr\\\/#website\"},\"datePublished\":\"2023-10-23T01:35:56+00:00\",\"dateModified\":\"2026-04-16T12:40:47+00:00\",\"breadcrumb\":{\"@id\":\"https:\\\/\\\/mevzubahis.com.tr\\\/index.php\\\/galleri\\\/#breadcrumb\"},\"inLanguage\":\"tr\",\"potentialAction\":[{\"@type\":\"ReadAction\",\"target\":[\"https:\\\/\\\/mevzubahis.com.tr\\\/index.php\\\/galleri\\\/\"]}]},{\"@type\":\"BreadcrumbList\",\"@id\":\"https:\\\/\\\/mevzubahis.com.tr\\\/index.php\\\/galleri\\\/#breadcrumb\",\"itemListElement\":[{\"@type\":\"ListItem\",\"position\":1,\"name\":\"Anasayfa\",\"item\":\"https:\\\/\\\/mevzubahis.com.tr\\\/\"},{\"@type\":\"ListItem\",\"position\":2,\"name\":\"Galleri\"}]},{\"@type\":\"WebSite\",\"@id\":\"https:\\\/\\\/mevzubahis.com.tr\\\/#website\",\"url\":\"https:\\\/\\\/mevzubahis.com.tr\\\/\",\"name\":\"Mevzubahis \u00c7i\u011fk\u00f6fte\",\"description\":\"Mevzubahis \u00c7i\u011fk\u00f6fte \u0130se Gerisi Teferruatt\u0131r.\",\"publisher\":{\"@id\":\"https:\\\/\\\/mevzubahis.com.tr\\\/#organization\"},\"potentialAction\":[{\"@type\":\"SearchAction\",\"target\":{\"@type\":\"EntryPoint\",\"urlTemplate\":\"https:\\\/\\\/mevzubahis.com.tr\\\/?s={search_term_string}\"},\"query-input\":{\"@type\":\"PropertyValueSpecification\",\"valueRequired\":true,\"valueName\":\"search_term_string\"}}],\"inLanguage\":\"tr\"},{\"@type\":\"Organization\",\"@id\":\"https:\\\/\\\/mevzubahis.com.tr\\\/#organization\",\"name\":\"Mevzubahis \u00c7i\u011fk\u00f6fte\",\"url\":\"https:\\\/\\\/mevzubahis.com.tr\\\/\",\"logo\":{\"@type\":\"ImageObject\",\"inLanguage\":\"tr\",\"@id\":\"https:\\\/\\\/mevzubahis.com.tr\\\/#\\\/schema\\\/logo\\\/image\\\/\",\"url\":\"https:\\\/\\\/mevzubahis.com.tr\\\/wp-content\\\/uploads\\\/2026\\\/04\\\/cropped-mevzubahis-cigkofte-header-logo.png\",\"contentUrl\":\"https:\\\/\\\/mevzubahis.com.tr\\\/wp-content\\\/uploads\\\/2026\\\/04\\\/cropped-mevzubahis-cigkofte-header-logo.png\",\"width\":516,\"height\":293,\"caption\":\"Mevzubahis \u00c7i\u011fk\u00f6fte\"},\"image\":{\"@id\":\"https:\\\/\\\/mevzubahis.com.tr\\\/#\\\/schema\\\/logo\\\/image\\\/\"}}]}<\/script>\n<!-- \/ Yoast SEO plugin. -->","yoast_head_json":{"title":"Galleri - Mevzubahis \u00c7i\u011fk\u00f6fte","robots":{"index":"noindex","follow":"follow","max-snippet":"max-snippet:-1","max-image-preview":"max-image-preview:large","max-video-preview":"max-video-preview:-1"},"og_locale":"tr_TR","og_type":"article","og_title":"Galleri - Mevzubahis \u00c7i\u011fk\u00f6fte","og_url":"https:\/\/mevzubahis.com.tr\/index.php\/galleri\/","og_site_name":"Mevzubahis \u00c7i\u011fk\u00f6fte","article_modified_time":"2026-04-16T12:40:47+00:00","twitter_card":"summary_large_image","schema":{"@context":"https:\/\/schema.org","@graph":[{"@type":"WebPage","@id":"https:\/\/mevzubahis.com.tr\/index.php\/galleri\/","url":"https:\/\/mevzubahis.com.tr\/index.php\/galleri\/","name":"Galleri - Mevzubahis \u00c7i\u011fk\u00f6fte","isPartOf":{"@id":"https:\/\/mevzubahis.com.tr\/#website"},"datePublished":"2023-10-23T01:35:56+00:00","dateModified":"2026-04-16T12:40:47+00:00","breadcrumb":{"@id":"https:\/\/mevzubahis.com.tr\/index.php\/galleri\/#breadcrumb"},"inLanguage":"tr","potentialAction":[{"@type":"ReadAction","target":["https:\/\/mevzubahis.com.tr\/index.php\/galleri\/"]}]},{"@type":"BreadcrumbList","@id":"https:\/\/mevzubahis.com.tr\/index.php\/galleri\/#breadcrumb","itemListElement":[{"@type":"ListItem","position":1,"name":"Anasayfa","item":"https:\/\/mevzubahis.com.tr\/"},{"@type":"ListItem","position":2,"name":"Galleri"}]},{"@type":"WebSite","@id":"https:\/\/mevzubahis.com.tr\/#website","url":"https:\/\/mevzubahis.com.tr\/","name":"Mevzubahis \u00c7i\u011fk\u00f6fte","description":"Mevzubahis \u00c7i\u011fk\u00f6fte \u0130se Gerisi Teferruatt\u0131r.","publisher":{"@id":"https:\/\/mevzubahis.com.tr\/#organization"},"potentialAction":[{"@type":"SearchAction","target":{"@type":"EntryPoint","urlTemplate":"https:\/\/mevzubahis.com.tr\/?s={search_term_string}"},"query-input":{"@type":"PropertyValueSpecification","valueRequired":true,"valueName":"search_term_string"}}],"inLanguage":"tr"},{"@type":"Organization","@id":"https:\/\/mevzubahis.com.tr\/#organization","name":"Mevzubahis \u00c7i\u011fk\u00f6fte","url":"https:\/\/mevzubahis.com.tr\/","logo":{"@type":"ImageObject","inLanguage":"tr","@id":"https:\/\/mevzubahis.com.tr\/#\/schema\/logo\/image\/","url":"https:\/\/mevzubahis.com.tr\/wp-content\/uploads\/2026\/04\/cropped-mevzubahis-cigkofte-header-logo.png","contentUrl":"https:\/\/mevzubahis.com.tr\/wp-content\/uploads\/2026\/04\/cropped-mevzubahis-cigkofte-header-logo.png","width":516,"height":293,"caption":"Mevzubahis \u00c7i\u011fk\u00f6fte"},"image":{"@id":"https:\/\/mevzubahis.com.tr\/#\/schema\/logo\/image\/"}}]}},"_links":{"self":[{"href":"https:\/\/mevzubahis.com.tr\/index.php\/wp-json\/wp\/v2\/pages\/129","targetHints":{"allow":["GET"]}}],"collection":[{"href":"https:\/\/mevzubahis.com.tr\/index.php\/wp-json\/wp\/v2\/pages"}],"about":[{"href":"https:\/\/mevzubahis.com.tr\/index.php\/wp-json\/wp\/v2\/types\/page"}],"author":[{"embeddable":true,"href":"https:\/\/mevzubahis.com.tr\/index.php\/wp-json\/wp\/v2\/users\/1"}],"replies":[{"embeddable":true,"href":"https:\/\/mevzubahis.com.tr\/index.php\/wp-json\/wp\/v2\/comments?post=129"}],"version-history":[{"count":1,"href":"https:\/\/mevzubahis.com.tr\/index.php\/wp-json\/wp\/v2\/pages\/129\/revisions"}],"predecessor-version":[{"id":6616,"href":"https:\/\/mevzubahis.com.tr\/index.php\/wp-json\/wp\/v2\/pages\/129\/revisions\/6616"}],"wp:attachment":[{"href":"https:\/\/mevzubahis.com.tr\/index.php\/wp-json\/wp\/v2\/media?parent=129"}],"curies":[{"name":"wp","href":"https:\/\/api.w.org\/{rel}","templated":true}]}}