{"id":2,"date":"2026-04-08T14:17:53","date_gmt":"2026-04-08T14:17:53","guid":{"rendered":"http:\/\/mevzubahis.com.tr\/?page_id=2"},"modified":"2026-04-24T13:57:47","modified_gmt":"2026-04-24T10:57:47","slug":"vizyon-ve-misyon","status":"publish","type":"page","link":"https:\/\/mevzubahis.com.tr\/vizyon-ve-misyon\/","title":{"rendered":"Vizyon ve Misyon"},"content":{"rendered":"\t\t<div data-elementor-type=\"wp-page\" data-elementor-id=\"2\" class=\"elementor elementor-2\">\n\t\t\t\t<div class=\"elementor-element elementor-element-3851a2d e-flex e-con-boxed e-con e-parent\" data-id=\"3851a2d\" data-element_type=\"container\" data-e-type=\"container\">\n\t\t\t\t\t<div class=\"e-con-inner\">\n\t\t\t\t<div class=\"elementor-element elementor-element-b803d35 elementor-position-top elementor-widget elementor-widget-image-box\" data-id=\"b803d35\" data-element_type=\"widget\" data-e-type=\"widget\" data-widget_type=\"image-box.default\">\n\t\t\t\t\t<div class=\"elementor-image-box-wrapper\"><figure class=\"elementor-image-box-img\"><img fetchpriority=\"high\" decoding=\"async\" width=\"516\" height=\"293\" src=\"https:\/\/mevzubahis.com.tr\/wp-content\/uploads\/2026\/04\/cropped-mevzubahis-cigkofte-header-logo.png\" class=\"attachment-full size-full wp-image-6532\" alt=\"Mevzubahis \u00c7i\u011fk\u00f6fte logo\" srcset=\"https:\/\/mevzubahis.com.tr\/wp-content\/uploads\/2026\/04\/cropped-mevzubahis-cigkofte-header-logo.png 516w, https:\/\/mevzubahis.com.tr\/wp-content\/uploads\/2026\/04\/cropped-mevzubahis-cigkofte-header-logo-300x170.png 300w\" sizes=\"(max-width: 516px) 100vw, 516px\" \/><\/figure><div class=\"elementor-image-box-content\"><h3 class=\"elementor-image-box-title\">vizyon ve misyon<\/h3><\/div><\/div>\t\t\t\t<\/div>\n\t\t\t\t\t<\/div>\n\t\t\t\t<\/div>\n\t\t<div class=\"elementor-element elementor-element-01ecf2d e-con-full e-flex e-con e-parent\" data-id=\"01ecf2d\" data-element_type=\"container\" data-e-type=\"container\">\n\t\t<div class=\"elementor-element elementor-element-f083666 e-con-full e-flex e-con e-child\" data-id=\"f083666\" data-element_type=\"container\" data-e-type=\"container\">\n\t\t\t\t\t\t\t\n\t\t\t<img class=\"e-image-base \" \n\t\t\t\t\tdata-interaction-id=\"ebbfe0b\" \n\t\t \n\t\t \n\t\t\t\t\t\t\t\t\tid=\"6877\"\n\t\t\t\t\t\t\t\t\t\t\t\tsrc=\"https:\/\/mevzubahis.com.tr\/wp-content\/uploads\/2026\/04\/mevzubahis-cigkofte-ozel-lezzet-sunum-1.png\"\n\t\t\t\t\t\t\t\t\t\t\t\twidth=\"521\"\n\t\t\t\t\t\t\t\t\t\t\t\theight=\"392\"\n\t\t\t\t\t\t\t\t\t\t\t\tsrcset=\"https:\/\/mevzubahis.com.tr\/wp-content\/uploads\/2026\/04\/mevzubahis-cigkofte-ozel-lezzet-sunum-1.png 521w, https:\/\/mevzubahis.com.tr\/wp-content\/uploads\/2026\/04\/mevzubahis-cigkofte-ozel-lezzet-sunum-1-300x226.png 300w\"\n\t\t\t\t\t\t\t\t\t\t\t\talt=\"\"\n\t\t\t\t\t\t\/>\n\t\t\t\t\t<\/div>\n\t\t<div class=\"elementor-element elementor-element-97d89a9 e-con-full e-flex e-con e-child\" data-id=\"97d89a9\" data-element_type=\"container\" data-e-type=\"container\">\n\t\t\t\t<div class=\"elementor-element elementor-element-772a5c64 elementor-widget elementor-widget-text-editor\" data-id=\"772a5c64\" data-element_type=\"widget\" data-e-type=\"widget\" data-widget_type=\"text-editor.default\">\n\t\t\t\t\t\t\t\t\t<p data-start=\"199\" data-end=\"961\"><strong data-start=\"199\" data-end=\"213\"><span dir=\"auto\" style=\"vertical-align: inherit;\"><span dir=\"auto\" style=\"vertical-align: inherit;\">Vizyonumuz<\/span><\/span><\/strong><br data-start=\"213\" data-end=\"216\" \/><span dir=\"auto\" style=\"vertical-align: inherit;\"><span dir=\"auto\" style=\"vertical-align: inherit;\"><a href=\"https:\/\/mevzubahis.com.tr\/\">Mevzubahis \u00c7i\u011fk\u00f6fte<\/a> olarak vizyonumuz; \u00e7i\u011f k\u00f6fte sekt\u00f6r\u00fcnde kalite, hijyen ve g\u00fcven denildi\u011finde <a href=\"https:\/\/mevzubahis.com.tr\/\">T\u00fcrkiye genelinde<\/a> ilk akla gelen marka olmakt\u0131r. Toptan \u00e7i\u011f k\u00f6fte \u00fcretimi, \u00e7i\u011f k\u00f6fte bayilik ve franchise sistemimiz ile her \u015fehirde g\u00fc\u00e7l\u00fc bir bayi a\u011f\u0131 kurarak s\u00fcrd\u00fcr\u00fclebilir b\u00fcy\u00fcme sa\u011flamak en temel hedefimizdir.<\/span><\/span><br data-start=\"526\" data-end=\"529\" \/><span dir=\"auto\" style=\"vertical-align: inherit;\"><span dir=\"auto\" style=\"vertical-align: inherit;\"><a href=\"https:\/\/mevzubahis.com.tr\/\">Modern \u00fcretim tesislerimiz<\/a>, y\u00fcksek kalite standartlar\u0131m\u0131z ve m\u00fc\u015fteri memnuniyetine odakl\u0131 hizmet anlay\u0131\u015f\u0131m\u0131z ile sekt\u00f6rde fark olu\u015fturarak, hem son t\u00fcketici hem de i\u015f ortaklar\u0131m\u0131z i\u00e7in de\u011fer \u00fcreten bir marka olmay\u0131 ama\u00e7l\u0131yoruz.<\/span><\/span><br data-start=\"756\" data-end=\"759\" \/><span dir=\"auto\" style=\"vertical-align: inherit;\"><span dir=\"auto\" style=\"vertical-align: inherit;\"><a href=\"https:\/\/mevzubahis.com.tr\/\">G\u0131da g\u00fcvenli\u011fi<\/a>, yenilik\u00e7i \u00fcretim teknikleri ve g\u00fc\u00e7l\u00fc lojistik altyap\u0131m\u0131z ile \u00e7i\u011f k\u00f6fte sekt\u00f6r\u00fcnde \u00f6nc\u00fc, g\u00fcvenilir ve tercih edilen bir marka olarak uzun vadede global pazarda da yer almay\u0131 hedefliyoruz.<\/span><\/span><\/p>\t\t\t\t\t\t\t\t<\/div>\n\t\t\t\t<\/div>\n\t\t<div class=\"elementor-element elementor-element-ce09281 e-con-full e-flex e-con e-child\" data-id=\"ce09281\" data-element_type=\"container\" data-e-type=\"container\">\n\t\t\t\t\t\t\t\n\t\t\t<img class=\"e-image-base \" \n\t\t\t\t\tdata-interaction-id=\"e119764\" \n\t\t \n\t\t \n\t\t\t\t\t\t\t\t\tid=\"6878\"\n\t\t\t\t\t\t\t\t\t\t\t\tsrc=\"https:\/\/mevzubahis.com.tr\/wp-content\/uploads\/2026\/04\/mevzubahis-cigkofte-ilk-sube-dis-cephe-modern-1.png\"\n\t\t\t\t\t\t\t\t\t\t\t\twidth=\"518\"\n\t\t\t\t\t\t\t\t\t\t\t\theight=\"392\"\n\t\t\t\t\t\t\t\t\t\t\t\tsrcset=\"https:\/\/mevzubahis.com.tr\/wp-content\/uploads\/2026\/04\/mevzubahis-cigkofte-ilk-sube-dis-cephe-modern-1.png 518w, https:\/\/mevzubahis.com.tr\/wp-content\/uploads\/2026\/04\/mevzubahis-cigkofte-ilk-sube-dis-cephe-modern-1-300x227.png 300w\"\n\t\t\t\t\t\t\t\t\t\t\t\talt=\"Mevzubahis \u00e7i\u011fk\u00f6fte ilk \u015fube d\u0131\u015f cephe modern ma\u011faza g\u00f6r\u00fcn\u00fcm\u00fc\"\n\t\t\t\t\t\t\/>\n\t\t\t\t\t<\/div>\n\t\t<div class=\"elementor-element elementor-element-e5a2036 e-con-full e-flex e-con e-child\" data-id=\"e5a2036\" data-element_type=\"container\" data-e-type=\"container\">\n\t\t\t\t<div class=\"elementor-element elementor-element-fdc0733 elementor-widget elementor-widget-text-editor\" data-id=\"fdc0733\" data-element_type=\"widget\" data-e-type=\"widget\" data-widget_type=\"text-editor.default\">\n\t\t\t\t\t\t\t\t\t<p data-start=\"199\" data-end=\"961\"><strong data-start=\"968\" data-end=\"982\">Misyonumuz<\/strong><br data-start=\"982\" data-end=\"985\" \/><a href=\"https:\/\/mevzubahis.com.tr\/\">Mevzubahis \u00c7i\u011fk\u00f6fte<\/a>\u2019nin misyonu; en kaliteli hammaddeleri kullanarak hijyenik ko\u015fullarda \u00fcretilen \u00e7i\u011f k\u00f6fteyi, taze ve g\u00fcvenilir \u015fekilde m\u00fc\u015fterilerimize ula\u015ft\u0131rmakt\u0131r. Toptan \u00e7i\u011f k\u00f6fte tedariki, <a href=\"https:\/\/mevzubahis.com.tr\/\">\u00e7i\u011f k\u00f6fte bayilik<\/a> ve <a href=\"https:\/\/mevzubahis.com.tr\/\">franchise<\/a> \u00e7\u00f6z\u00fcmlerimiz ile giri\u015fimcilere kazan\u00e7l\u0131 bir i\u015f modeli sunuyoruz.<br data-start=\"1275\" data-end=\"1278\" \/>Bayilerimize kurulumdan sat\u0131\u015f s\u00fcrecine kadar tam destek sa\u011flayarak, onlar\u0131n g\u00fc\u00e7l\u00fc ve s\u00fcrd\u00fcr\u00fclebilir i\u015fletmeler kurmas\u0131na katk\u0131 sa\u011fl\u0131yoruz. E\u011fitim, \u00fcr\u00fcn tedari\u011fi, lojistik ve sat\u0131\u015f stratejileri ile i\u015f ortaklar\u0131m\u0131z\u0131n her zaman yan\u0131nda yer al\u0131yoruz.<br data-start=\"1524\" data-end=\"1527\" \/>Amac\u0131m\u0131z sadece \u00fcr\u00fcn satmak de\u011fil; kalite, g\u00fcven ve kazan\u00e7 odakl\u0131 bir sistem olu\u015fturarak hem m\u00fc\u015fterilerimizle hem de i\u015f ortaklar\u0131m\u0131zla uzun vadeli bir i\u015f birli\u011fi kurmakt\u0131r.<\/p>\t\t\t\t\t\t\t\t<\/div>\n\t\t\t\t<\/div>\n\t\t\t\t<\/div>\n\t\t\t\t<\/div>\n\t\t","protected":false},"excerpt":{"rendered":"<p>vizyon ve misyon VizyonumuzMevzubahis \u00c7i\u011fk\u00f6fte olarak vizyonumuz; \u00e7i\u011f k\u00f6fte sekt\u00f6r\u00fcnde kalite, hijyen ve g\u00fcven denildi\u011finde T\u00fcrkiye genelinde ilk akla gelen marka olmakt\u0131r. Toptan \u00e7i\u011f k\u00f6fte \u00fcretimi, \u00e7i\u011f k\u00f6fte bayilik ve franchise sistemimiz ile her \u015fehirde g\u00fc\u00e7l\u00fc bir bayi a\u011f\u0131 kurarak s\u00fcrd\u00fcr\u00fclebilir b\u00fcy\u00fcme sa\u011flamak en temel hedefimizdir.Modern \u00fcretim tesislerimiz, y\u00fcksek kalite standartlar\u0131m\u0131z ve m\u00fc\u015fteri memnuniyetine odakl\u0131 [&hellip;]<\/p>\n","protected":false},"author":1,"featured_media":0,"parent":0,"menu_order":0,"comment_status":"closed","ping_status":"closed","template":"","meta":{"footnotes":""},"class_list":["post-2","page","type-page","status-publish","hentry"],"yoast_head":"<!-- This site is optimized with the Yoast SEO plugin v27.5 - https:\/\/yoast.com\/product\/yoast-seo-wordpress\/ -->\n<title>Vizyon ve Misyon - Mevzubahis \u00c7i\u011fk\u00f6fte<\/title>\n<meta name=\"robots\" content=\"index, follow, max-snippet:-1, max-image-preview:large, max-video-preview:-1\" \/>\n<link rel=\"canonical\" href=\"https:\/\/mevzubahis.com.tr\/vizyon-ve-misyon\/\" \/>\n<meta property=\"og:locale\" content=\"tr_TR\" \/>\n<meta property=\"og:type\" content=\"article\" \/>\n<meta property=\"og:title\" content=\"Vizyon ve Misyon - Mevzubahis \u00c7i\u011fk\u00f6fte\" \/>\n<meta property=\"og:description\" content=\"vizyon ve misyon VizyonumuzMevzubahis \u00c7i\u011fk\u00f6fte olarak vizyonumuz; \u00e7i\u011f k\u00f6fte sekt\u00f6r\u00fcnde kalite, hijyen ve g\u00fcven denildi\u011finde T\u00fcrkiye genelinde ilk akla gelen marka olmakt\u0131r. Toptan \u00e7i\u011f k\u00f6fte \u00fcretimi, \u00e7i\u011f k\u00f6fte bayilik ve franchise sistemimiz ile her \u015fehirde g\u00fc\u00e7l\u00fc bir bayi a\u011f\u0131 kurarak s\u00fcrd\u00fcr\u00fclebilir b\u00fcy\u00fcme sa\u011flamak en temel hedefimizdir.Modern \u00fcretim tesislerimiz, y\u00fcksek kalite standartlar\u0131m\u0131z ve m\u00fc\u015fteri memnuniyetine odakl\u0131 [&hellip;]\" \/>\n<meta property=\"og:url\" content=\"https:\/\/mevzubahis.com.tr\/vizyon-ve-misyon\/\" \/>\n<meta property=\"og:site_name\" content=\"Mevzubahis \u00c7i\u011fk\u00f6fte\" \/>\n<meta property=\"article:modified_time\" content=\"2026-04-24T10:57:47+00:00\" \/>\n<meta property=\"og:image\" content=\"https:\/\/mevzubahis.com.tr\/wp-content\/uploads\/2026\/04\/cropped-mevzubahis-cigkofte-header-logo.png\" \/>\n\t<meta property=\"og:image:width\" content=\"516\" \/>\n\t<meta property=\"og:image:height\" content=\"293\" \/>\n\t<meta property=\"og:image:type\" content=\"image\/png\" \/>\n<meta name=\"twitter:card\" content=\"summary_large_image\" \/>\n<meta name=\"twitter:label1\" content=\"Tahmini okuma s\u00fcresi\" \/>\n\t<meta name=\"twitter:data1\" content=\"2 dakika\" \/>\n<script type=\"application\/ld+json\" class=\"yoast-schema-graph\">{\"@context\":\"https:\\\/\\\/schema.org\",\"@graph\":[{\"@type\":\"WebPage\",\"@id\":\"https:\\\/\\\/mevzubahis.com.tr\\\/vizyon-ve-misyon\\\/\",\"url\":\"https:\\\/\\\/mevzubahis.com.tr\\\/vizyon-ve-misyon\\\/\",\"name\":\"Vizyon ve Misyon - Mevzubahis \u00c7i\u011fk\u00f6fte\",\"isPartOf\":{\"@id\":\"https:\\\/\\\/mevzubahis.com.tr\\\/#website\"},\"primaryImageOfPage\":{\"@id\":\"https:\\\/\\\/mevzubahis.com.tr\\\/vizyon-ve-misyon\\\/#primaryimage\"},\"image\":{\"@id\":\"https:\\\/\\\/mevzubahis.com.tr\\\/vizyon-ve-misyon\\\/#primaryimage\"},\"thumbnailUrl\":\"https:\\\/\\\/mevzubahis.com.tr\\\/wp-content\\\/uploads\\\/2026\\\/04\\\/cropped-mevzubahis-cigkofte-header-logo.png\",\"datePublished\":\"2026-04-08T14:17:53+00:00\",\"dateModified\":\"2026-04-24T10:57:47+00:00\",\"breadcrumb\":{\"@id\":\"https:\\\/\\\/mevzubahis.com.tr\\\/vizyon-ve-misyon\\\/#breadcrumb\"},\"inLanguage\":\"tr\",\"potentialAction\":[{\"@type\":\"ReadAction\",\"target\":[\"https:\\\/\\\/mevzubahis.com.tr\\\/vizyon-ve-misyon\\\/\"]}]},{\"@type\":\"ImageObject\",\"inLanguage\":\"tr\",\"@id\":\"https:\\\/\\\/mevzubahis.com.tr\\\/vizyon-ve-misyon\\\/#primaryimage\",\"url\":\"https:\\\/\\\/mevzubahis.com.tr\\\/wp-content\\\/uploads\\\/2026\\\/04\\\/cropped-mevzubahis-cigkofte-header-logo.png\",\"contentUrl\":\"https:\\\/\\\/mevzubahis.com.tr\\\/wp-content\\\/uploads\\\/2026\\\/04\\\/cropped-mevzubahis-cigkofte-header-logo.png\",\"width\":516,\"height\":293,\"caption\":\"Mevzubahis \u00c7i\u011fk\u00f6fte resmi logo\"},{\"@type\":\"BreadcrumbList\",\"@id\":\"https:\\\/\\\/mevzubahis.com.tr\\\/vizyon-ve-misyon\\\/#breadcrumb\",\"itemListElement\":[{\"@type\":\"ListItem\",\"position\":1,\"name\":\"Anasayfa\",\"item\":\"https:\\\/\\\/mevzubahis.com.tr\\\/\"},{\"@type\":\"ListItem\",\"position\":2,\"name\":\"Vizyon ve Misyon\"}]},{\"@type\":\"WebSite\",\"@id\":\"https:\\\/\\\/mevzubahis.com.tr\\\/#website\",\"url\":\"https:\\\/\\\/mevzubahis.com.tr\\\/\",\"name\":\"Mevzubahis \u00c7i\u011fk\u00f6fte\",\"description\":\"Mevzubahis \u00c7i\u011fk\u00f6fte \u0130se Gerisi Teferruatt\u0131r.\",\"publisher\":{\"@id\":\"https:\\\/\\\/mevzubahis.com.tr\\\/#organization\"},\"potentialAction\":[{\"@type\":\"SearchAction\",\"target\":{\"@type\":\"EntryPoint\",\"urlTemplate\":\"https:\\\/\\\/mevzubahis.com.tr\\\/?s={search_term_string}\"},\"query-input\":{\"@type\":\"PropertyValueSpecification\",\"valueRequired\":true,\"valueName\":\"search_term_string\"}}],\"inLanguage\":\"tr\"},{\"@type\":\"Organization\",\"@id\":\"https:\\\/\\\/mevzubahis.com.tr\\\/#organization\",\"name\":\"Mevzubahis \u00c7i\u011fk\u00f6fte\",\"url\":\"https:\\\/\\\/mevzubahis.com.tr\\\/\",\"logo\":{\"@type\":\"ImageObject\",\"inLanguage\":\"tr\",\"@id\":\"https:\\\/\\\/mevzubahis.com.tr\\\/#\\\/schema\\\/logo\\\/image\\\/\",\"url\":\"https:\\\/\\\/mevzubahis.com.tr\\\/wp-content\\\/uploads\\\/2026\\\/04\\\/cropped-mevzubahis-cigkofte-header-logo.png\",\"contentUrl\":\"https:\\\/\\\/mevzubahis.com.tr\\\/wp-content\\\/uploads\\\/2026\\\/04\\\/cropped-mevzubahis-cigkofte-header-logo.png\",\"width\":516,\"height\":293,\"caption\":\"Mevzubahis \u00c7i\u011fk\u00f6fte\"},\"image\":{\"@id\":\"https:\\\/\\\/mevzubahis.com.tr\\\/#\\\/schema\\\/logo\\\/image\\\/\"}}]}<\/script>\n<!-- \/ Yoast SEO plugin. -->","yoast_head_json":{"title":"Vizyon ve Misyon - Mevzubahis \u00c7i\u011fk\u00f6fte","robots":{"index":"index","follow":"follow","max-snippet":"max-snippet:-1","max-image-preview":"max-image-preview:large","max-video-preview":"max-video-preview:-1"},"canonical":"https:\/\/mevzubahis.com.tr\/vizyon-ve-misyon\/","og_locale":"tr_TR","og_type":"article","og_title":"Vizyon ve Misyon - Mevzubahis \u00c7i\u011fk\u00f6fte","og_description":"vizyon ve misyon VizyonumuzMevzubahis \u00c7i\u011fk\u00f6fte olarak vizyonumuz; \u00e7i\u011f k\u00f6fte sekt\u00f6r\u00fcnde kalite, hijyen ve g\u00fcven denildi\u011finde T\u00fcrkiye genelinde ilk akla gelen marka olmakt\u0131r. Toptan \u00e7i\u011f k\u00f6fte \u00fcretimi, \u00e7i\u011f k\u00f6fte bayilik ve franchise sistemimiz ile her \u015fehirde g\u00fc\u00e7l\u00fc bir bayi a\u011f\u0131 kurarak s\u00fcrd\u00fcr\u00fclebilir b\u00fcy\u00fcme sa\u011flamak en temel hedefimizdir.Modern \u00fcretim tesislerimiz, y\u00fcksek kalite standartlar\u0131m\u0131z ve m\u00fc\u015fteri memnuniyetine odakl\u0131 [&hellip;]","og_url":"https:\/\/mevzubahis.com.tr\/vizyon-ve-misyon\/","og_site_name":"Mevzubahis \u00c7i\u011fk\u00f6fte","article_modified_time":"2026-04-24T10:57:47+00:00","og_image":[{"width":516,"height":293,"url":"https:\/\/mevzubahis.com.tr\/wp-content\/uploads\/2026\/04\/cropped-mevzubahis-cigkofte-header-logo.png","type":"image\/png"}],"twitter_card":"summary_large_image","twitter_misc":{"Tahmini okuma s\u00fcresi":"2 dakika"},"schema":{"@context":"https:\/\/schema.org","@graph":[{"@type":"WebPage","@id":"https:\/\/mevzubahis.com.tr\/vizyon-ve-misyon\/","url":"https:\/\/mevzubahis.com.tr\/vizyon-ve-misyon\/","name":"Vizyon ve Misyon - Mevzubahis \u00c7i\u011fk\u00f6fte","isPartOf":{"@id":"https:\/\/mevzubahis.com.tr\/#website"},"primaryImageOfPage":{"@id":"https:\/\/mevzubahis.com.tr\/vizyon-ve-misyon\/#primaryimage"},"image":{"@id":"https:\/\/mevzubahis.com.tr\/vizyon-ve-misyon\/#primaryimage"},"thumbnailUrl":"https:\/\/mevzubahis.com.tr\/wp-content\/uploads\/2026\/04\/cropped-mevzubahis-cigkofte-header-logo.png","datePublished":"2026-04-08T14:17:53+00:00","dateModified":"2026-04-24T10:57:47+00:00","breadcrumb":{"@id":"https:\/\/mevzubahis.com.tr\/vizyon-ve-misyon\/#breadcrumb"},"inLanguage":"tr","potentialAction":[{"@type":"ReadAction","target":["https:\/\/mevzubahis.com.tr\/vizyon-ve-misyon\/"]}]},{"@type":"ImageObject","inLanguage":"tr","@id":"https:\/\/mevzubahis.com.tr\/vizyon-ve-misyon\/#primaryimage","url":"https:\/\/mevzubahis.com.tr\/wp-content\/uploads\/2026\/04\/cropped-mevzubahis-cigkofte-header-logo.png","contentUrl":"https:\/\/mevzubahis.com.tr\/wp-content\/uploads\/2026\/04\/cropped-mevzubahis-cigkofte-header-logo.png","width":516,"height":293,"caption":"Mevzubahis \u00c7i\u011fk\u00f6fte resmi logo"},{"@type":"BreadcrumbList","@id":"https:\/\/mevzubahis.com.tr\/vizyon-ve-misyon\/#breadcrumb","itemListElement":[{"@type":"ListItem","position":1,"name":"Anasayfa","item":"https:\/\/mevzubahis.com.tr\/"},{"@type":"ListItem","position":2,"name":"Vizyon ve Misyon"}]},{"@type":"WebSite","@id":"https:\/\/mevzubahis.com.tr\/#website","url":"https:\/\/mevzubahis.com.tr\/","name":"Mevzubahis \u00c7i\u011fk\u00f6fte","description":"Mevzubahis \u00c7i\u011fk\u00f6fte \u0130se Gerisi Teferruatt\u0131r.","publisher":{"@id":"https:\/\/mevzubahis.com.tr\/#organization"},"potentialAction":[{"@type":"SearchAction","target":{"@type":"EntryPoint","urlTemplate":"https:\/\/mevzubahis.com.tr\/?s={search_term_string}"},"query-input":{"@type":"PropertyValueSpecification","valueRequired":true,"valueName":"search_term_string"}}],"inLanguage":"tr"},{"@type":"Organization","@id":"https:\/\/mevzubahis.com.tr\/#organization","name":"Mevzubahis \u00c7i\u011fk\u00f6fte","url":"https:\/\/mevzubahis.com.tr\/","logo":{"@type":"ImageObject","inLanguage":"tr","@id":"https:\/\/mevzubahis.com.tr\/#\/schema\/logo\/image\/","url":"https:\/\/mevzubahis.com.tr\/wp-content\/uploads\/2026\/04\/cropped-mevzubahis-cigkofte-header-logo.png","contentUrl":"https:\/\/mevzubahis.com.tr\/wp-content\/uploads\/2026\/04\/cropped-mevzubahis-cigkofte-header-logo.png","width":516,"height":293,"caption":"Mevzubahis \u00c7i\u011fk\u00f6fte"},"image":{"@id":"https:\/\/mevzubahis.com.tr\/#\/schema\/logo\/image\/"}}]}},"_links":{"self":[{"href":"https:\/\/mevzubahis.com.tr\/wp-json\/wp\/v2\/pages\/2","targetHints":{"allow":["GET"]}}],"collection":[{"href":"https:\/\/mevzubahis.com.tr\/wp-json\/wp\/v2\/pages"}],"about":[{"href":"https:\/\/mevzubahis.com.tr\/wp-json\/wp\/v2\/types\/page"}],"author":[{"embeddable":true,"href":"https:\/\/mevzubahis.com.tr\/wp-json\/wp\/v2\/users\/1"}],"replies":[{"embeddable":true,"href":"https:\/\/mevzubahis.com.tr\/wp-json\/wp\/v2\/comments?post=2"}],"version-history":[{"count":7,"href":"https:\/\/mevzubahis.com.tr\/wp-json\/wp\/v2\/pages\/2\/revisions"}],"predecessor-version":[{"id":7054,"href":"https:\/\/mevzubahis.com.tr\/wp-json\/wp\/v2\/pages\/2\/revisions\/7054"}],"wp:attachment":[{"href":"https:\/\/mevzubahis.com.tr\/wp-json\/wp\/v2\/media?parent=2"}],"curies":[{"name":"wp","href":"https:\/\/api.w.org\/{rel}","templated":true}]}}