{"id":6488,"date":"2023-10-17T09:11:28","date_gmt":"2023-10-17T09:11:28","guid":{"rendered":"https:\/\/demo2wpopal.b-cdn.net\/fazfood\/?page_id=18"},"modified":"2023-10-17T09:11:28","modified_gmt":"2023-10-17T09:11:28","slug":"wishlist-2","status":"publish","type":"page","link":"https:\/\/mevzubahis.com.tr\/wishlist-2\/","title":{"rendered":"Wishlist"},"content":{"rendered":"<div class=\"woosw-list\"><div class=\"woosw-popup-content-mid-message\">There are no products on the Wishlist!<\/div><\/div><!-- \/woosw-list -->\n","protected":false},"excerpt":{"rendered":"","protected":false},"author":1,"featured_media":0,"parent":0,"menu_order":0,"comment_status":"closed","ping_status":"closed","template":"","meta":{"footnotes":""},"class_list":["post-6488","page","type-page","status-publish","hentry"],"yoast_head":"<!-- This site is optimized with the Yoast SEO plugin v27.5 - https:\/\/yoast.com\/product\/yoast-seo-wordpress\/ -->\n<title>Wishlist - Mevzubahis \u00c7i\u011fk\u00f6fte<\/title>\n<meta name=\"robots\" content=\"index, follow, max-snippet:-1, max-image-preview:large, max-video-preview:-1\" \/>\n<link rel=\"canonical\" href=\"https:\/\/mevzubahis.com.tr\/wishlist-2\/\" \/>\n<meta property=\"og:locale\" content=\"tr_TR\" \/>\n<meta property=\"og:type\" content=\"article\" \/>\n<meta property=\"og:title\" content=\"Wishlist - Mevzubahis \u00c7i\u011fk\u00f6fte\" \/>\n<meta property=\"og:url\" content=\"https:\/\/mevzubahis.com.tr\/wishlist-2\/\" \/>\n<meta property=\"og:site_name\" content=\"Mevzubahis \u00c7i\u011fk\u00f6fte\" \/>\n<meta name=\"twitter:card\" content=\"summary_large_image\" \/>\n<script type=\"application\/ld+json\" class=\"yoast-schema-graph\">{\"@context\":\"https:\\\/\\\/schema.org\",\"@graph\":[{\"@type\":\"WebPage\",\"@id\":\"https:\\\/\\\/mevzubahis.com.tr\\\/wishlist-2\\\/\",\"url\":\"https:\\\/\\\/mevzubahis.com.tr\\\/wishlist-2\\\/\",\"name\":\"Wishlist - Mevzubahis \u00c7i\u011fk\u00f6fte\",\"isPartOf\":{\"@id\":\"https:\\\/\\\/mevzubahis.com.tr\\\/#website\"},\"datePublished\":\"2023-10-17T09:11:28+00:00\",\"breadcrumb\":{\"@id\":\"https:\\\/\\\/mevzubahis.com.tr\\\/wishlist-2\\\/#breadcrumb\"},\"inLanguage\":\"tr\",\"potentialAction\":[{\"@type\":\"ReadAction\",\"target\":[\"https:\\\/\\\/mevzubahis.com.tr\\\/wishlist-2\\\/\"]}]},{\"@type\":\"BreadcrumbList\",\"@id\":\"https:\\\/\\\/mevzubahis.com.tr\\\/wishlist-2\\\/#breadcrumb\",\"itemListElement\":[{\"@type\":\"ListItem\",\"position\":1,\"name\":\"Anasayfa\",\"item\":\"https:\\\/\\\/mevzubahis.com.tr\\\/\"},{\"@type\":\"ListItem\",\"position\":2,\"name\":\"Wishlist\"}]},{\"@type\":\"WebSite\",\"@id\":\"https:\\\/\\\/mevzubahis.com.tr\\\/#website\",\"url\":\"https:\\\/\\\/mevzubahis.com.tr\\\/\",\"name\":\"Mevzubahis \u00c7i\u011fk\u00f6fte\",\"description\":\"Mevzubahis \u00c7i\u011fk\u00f6fte \u0130se Gerisi Teferruatt\u0131r.\",\"publisher\":{\"@id\":\"https:\\\/\\\/mevzubahis.com.tr\\\/#organization\"},\"potentialAction\":[{\"@type\":\"SearchAction\",\"target\":{\"@type\":\"EntryPoint\",\"urlTemplate\":\"https:\\\/\\\/mevzubahis.com.tr\\\/?s={search_term_string}\"},\"query-input\":{\"@type\":\"PropertyValueSpecification\",\"valueRequired\":true,\"valueName\":\"search_term_string\"}}],\"inLanguage\":\"tr\"},{\"@type\":\"Organization\",\"@id\":\"https:\\\/\\\/mevzubahis.com.tr\\\/#organization\",\"name\":\"Mevzubahis \u00c7i\u011fk\u00f6fte\",\"url\":\"https:\\\/\\\/mevzubahis.com.tr\\\/\",\"logo\":{\"@type\":\"ImageObject\",\"inLanguage\":\"tr\",\"@id\":\"https:\\\/\\\/mevzubahis.com.tr\\\/#\\\/schema\\\/logo\\\/image\\\/\",\"url\":\"https:\\\/\\\/mevzubahis.com.tr\\\/wp-content\\\/uploads\\\/2026\\\/04\\\/cropped-mevzubahis-cigkofte-header-logo.png\",\"contentUrl\":\"https:\\\/\\\/mevzubahis.com.tr\\\/wp-content\\\/uploads\\\/2026\\\/04\\\/cropped-mevzubahis-cigkofte-header-logo.png\",\"width\":516,\"height\":293,\"caption\":\"Mevzubahis \u00c7i\u011fk\u00f6fte\"},\"image\":{\"@id\":\"https:\\\/\\\/mevzubahis.com.tr\\\/#\\\/schema\\\/logo\\\/image\\\/\"}}]}<\/script>\n<!-- \/ Yoast SEO plugin. -->","yoast_head_json":{"title":"Wishlist - Mevzubahis \u00c7i\u011fk\u00f6fte","robots":{"index":"index","follow":"follow","max-snippet":"max-snippet:-1","max-image-preview":"max-image-preview:large","max-video-preview":"max-video-preview:-1"},"canonical":"https:\/\/mevzubahis.com.tr\/wishlist-2\/","og_locale":"tr_TR","og_type":"article","og_title":"Wishlist - Mevzubahis \u00c7i\u011fk\u00f6fte","og_url":"https:\/\/mevzubahis.com.tr\/wishlist-2\/","og_site_name":"Mevzubahis \u00c7i\u011fk\u00f6fte","twitter_card":"summary_large_image","schema":{"@context":"https:\/\/schema.org","@graph":[{"@type":"WebPage","@id":"https:\/\/mevzubahis.com.tr\/wishlist-2\/","url":"https:\/\/mevzubahis.com.tr\/wishlist-2\/","name":"Wishlist - Mevzubahis \u00c7i\u011fk\u00f6fte","isPartOf":{"@id":"https:\/\/mevzubahis.com.tr\/#website"},"datePublished":"2023-10-17T09:11:28+00:00","breadcrumb":{"@id":"https:\/\/mevzubahis.com.tr\/wishlist-2\/#breadcrumb"},"inLanguage":"tr","potentialAction":[{"@type":"ReadAction","target":["https:\/\/mevzubahis.com.tr\/wishlist-2\/"]}]},{"@type":"BreadcrumbList","@id":"https:\/\/mevzubahis.com.tr\/wishlist-2\/#breadcrumb","itemListElement":[{"@type":"ListItem","position":1,"name":"Anasayfa","item":"https:\/\/mevzubahis.com.tr\/"},{"@type":"ListItem","position":2,"name":"Wishlist"}]},{"@type":"WebSite","@id":"https:\/\/mevzubahis.com.tr\/#website","url":"https:\/\/mevzubahis.com.tr\/","name":"Mevzubahis \u00c7i\u011fk\u00f6fte","description":"Mevzubahis \u00c7i\u011fk\u00f6fte \u0130se Gerisi Teferruatt\u0131r.","publisher":{"@id":"https:\/\/mevzubahis.com.tr\/#organization"},"potentialAction":[{"@type":"SearchAction","target":{"@type":"EntryPoint","urlTemplate":"https:\/\/mevzubahis.com.tr\/?s={search_term_string}"},"query-input":{"@type":"PropertyValueSpecification","valueRequired":true,"valueName":"search_term_string"}}],"inLanguage":"tr"},{"@type":"Organization","@id":"https:\/\/mevzubahis.com.tr\/#organization","name":"Mevzubahis \u00c7i\u011fk\u00f6fte","url":"https:\/\/mevzubahis.com.tr\/","logo":{"@type":"ImageObject","inLanguage":"tr","@id":"https:\/\/mevzubahis.com.tr\/#\/schema\/logo\/image\/","url":"https:\/\/mevzubahis.com.tr\/wp-content\/uploads\/2026\/04\/cropped-mevzubahis-cigkofte-header-logo.png","contentUrl":"https:\/\/mevzubahis.com.tr\/wp-content\/uploads\/2026\/04\/cropped-mevzubahis-cigkofte-header-logo.png","width":516,"height":293,"caption":"Mevzubahis \u00c7i\u011fk\u00f6fte"},"image":{"@id":"https:\/\/mevzubahis.com.tr\/#\/schema\/logo\/image\/"}}]}},"_links":{"self":[{"href":"https:\/\/mevzubahis.com.tr\/wp-json\/wp\/v2\/pages\/6488","targetHints":{"allow":["GET"]}}],"collection":[{"href":"https:\/\/mevzubahis.com.tr\/wp-json\/wp\/v2\/pages"}],"about":[{"href":"https:\/\/mevzubahis.com.tr\/wp-json\/wp\/v2\/types\/page"}],"author":[{"embeddable":true,"href":"https:\/\/mevzubahis.com.tr\/wp-json\/wp\/v2\/users\/1"}],"replies":[{"embeddable":true,"href":"https:\/\/mevzubahis.com.tr\/wp-json\/wp\/v2\/comments?post=6488"}],"version-history":[{"count":0,"href":"https:\/\/mevzubahis.com.tr\/wp-json\/wp\/v2\/pages\/6488\/revisions"}],"wp:attachment":[{"href":"https:\/\/mevzubahis.com.tr\/wp-json\/wp\/v2\/media?parent=6488"}],"curies":[{"name":"wp","href":"https:\/\/api.w.org\/{rel}","templated":true}]}}