{"id":77,"date":"2023-10-19T09:57:55","date_gmt":"2023-10-19T09:57:55","guid":{"rendered":"https:\/\/demo2wpopal.b-cdn.net\/fazfood\/shop\/practical-wool-keyboard\/"},"modified":"2026-04-08T11:22:29","modified_gmt":"2026-04-08T11:22:29","slug":"classic-roast-beef","status":"publish","type":"product","link":"https:\/\/mevzubahis.com.tr\/index.php\/product\/classic-roast-beef\/","title":{"rendered":"Classic Roast Beef"},"content":{"rendered":"<p>Omnis nesciunt perferendis saepe velit consectetur. Velit ipsam distinctio accusamus expedita odit eligendi laudantium. Illo est sed amet perspiciatis modi et.<\/p>\n<p>Cumque aut minima dolorem molestias enim. Rerum sunt quam quis quam eligendi. Dolor omnis illo qui et ad et doloribus. Aut itaque numquam libero animi enim pariatur facere.<\/p>\n","protected":false},"excerpt":{"rendered":"<p>Consequatur explicabo quasi autem sunt. Perferendis quo esse dolorum hic. Minus sunt aspernatur repellendus deleniti inventore.<\/p>\n","protected":false},"featured_media":6483,"comment_status":"open","ping_status":"closed","template":"","meta":[],"product_brand":[],"product_cat":[32],"product_tag":[33,43],"class_list":{"0":"post-77","1":"product","2":"type-product","3":"status-publish","4":"has-post-thumbnail","6":"product_cat-burgers","7":"product_tag-burgers","8":"product_tag-pizza","10":"first","11":"instock","12":"shipping-taxable","13":"purchasable","14":"product-type-simple"},"yoast_head":"<!-- This site is optimized with the Yoast SEO plugin v27.4 - https:\/\/yoast.com\/product\/yoast-seo-wordpress\/ -->\n<title>Classic Roast Beef - Mevzubahis \u00c7i\u011fk\u00f6fte<\/title>\n<meta name=\"robots\" content=\"noindex, follow, max-snippet:-1, max-image-preview:large, max-video-preview:-1\" \/>\n<meta property=\"og:locale\" content=\"tr_TR\" \/>\n<meta property=\"og:type\" content=\"article\" \/>\n<meta property=\"og:title\" content=\"Classic Roast Beef - Mevzubahis \u00c7i\u011fk\u00f6fte\" \/>\n<meta property=\"og:description\" content=\"Consequatur explicabo quasi autem sunt. Perferendis quo esse dolorum hic. Minus sunt aspernatur repellendus deleniti inventore.\" \/>\n<meta property=\"og:url\" content=\"https:\/\/mevzubahis.com.tr\/index.php\/product\/classic-roast-beef\/\" \/>\n<meta property=\"og:site_name\" content=\"Mevzubahis \u00c7i\u011fk\u00f6fte\" \/>\n<meta property=\"article:modified_time\" content=\"2026-04-08T11:22:29+00:00\" \/>\n<meta property=\"og:image\" content=\"https:\/\/mevzubahis.com.tr\/wp-content\/uploads\/2023\/11\/placeholder.jpeg\" \/>\n\t<meta property=\"og:image:width\" content=\"1000\" \/>\n\t<meta property=\"og:image:height\" content=\"1000\" \/>\n\t<meta property=\"og:image:type\" content=\"image\/jpeg\" \/>\n<meta name=\"twitter:card\" content=\"summary_large_image\" \/>\n<script type=\"application\/ld+json\" class=\"yoast-schema-graph\">{\"@context\":\"https:\\\/\\\/schema.org\",\"@graph\":[{\"@type\":\"WebPage\",\"@id\":\"https:\\\/\\\/mevzubahis.com.tr\\\/index.php\\\/product\\\/classic-roast-beef\\\/\",\"url\":\"https:\\\/\\\/mevzubahis.com.tr\\\/index.php\\\/product\\\/classic-roast-beef\\\/\",\"name\":\"Classic Roast Beef - Mevzubahis \u00c7i\u011fk\u00f6fte\",\"isPartOf\":{\"@id\":\"https:\\\/\\\/mevzubahis.com.tr\\\/#website\"},\"primaryImageOfPage\":{\"@id\":\"https:\\\/\\\/mevzubahis.com.tr\\\/index.php\\\/product\\\/classic-roast-beef\\\/#primaryimage\"},\"image\":{\"@id\":\"https:\\\/\\\/mevzubahis.com.tr\\\/index.php\\\/product\\\/classic-roast-beef\\\/#primaryimage\"},\"thumbnailUrl\":\"https:\\\/\\\/mevzubahis.com.tr\\\/wp-content\\\/uploads\\\/2023\\\/11\\\/placeholder.jpeg\",\"datePublished\":\"2023-10-19T09:57:55+00:00\",\"dateModified\":\"2026-04-08T11:22:29+00:00\",\"breadcrumb\":{\"@id\":\"https:\\\/\\\/mevzubahis.com.tr\\\/index.php\\\/product\\\/classic-roast-beef\\\/#breadcrumb\"},\"inLanguage\":\"tr\",\"potentialAction\":[{\"@type\":\"ReadAction\",\"target\":[\"https:\\\/\\\/mevzubahis.com.tr\\\/index.php\\\/product\\\/classic-roast-beef\\\/\"]}]},{\"@type\":\"ImageObject\",\"inLanguage\":\"tr\",\"@id\":\"https:\\\/\\\/mevzubahis.com.tr\\\/index.php\\\/product\\\/classic-roast-beef\\\/#primaryimage\",\"url\":\"https:\\\/\\\/mevzubahis.com.tr\\\/wp-content\\\/uploads\\\/2023\\\/11\\\/placeholder.jpeg\",\"contentUrl\":\"https:\\\/\\\/mevzubahis.com.tr\\\/wp-content\\\/uploads\\\/2023\\\/11\\\/placeholder.jpeg\",\"width\":1000,\"height\":1000},{\"@type\":\"BreadcrumbList\",\"@id\":\"https:\\\/\\\/mevzubahis.com.tr\\\/index.php\\\/product\\\/classic-roast-beef\\\/#breadcrumb\",\"itemListElement\":[{\"@type\":\"ListItem\",\"position\":1,\"name\":\"Anasayfa\",\"item\":\"https:\\\/\\\/mevzubahis.com.tr\\\/\"},{\"@type\":\"ListItem\",\"position\":2,\"name\":\"\u00dcr\u00fcnler \\\/ Ma\u011faza\",\"item\":\"https:\\\/\\\/mevzubahis.com.tr\\\/index.php\\\/urunler-magaza\\\/\"},{\"@type\":\"ListItem\",\"position\":3,\"name\":\"Classic Roast Beef\"}]},{\"@type\":\"WebSite\",\"@id\":\"https:\\\/\\\/mevzubahis.com.tr\\\/#website\",\"url\":\"https:\\\/\\\/mevzubahis.com.tr\\\/\",\"name\":\"Mevzubahis \u00c7i\u011fk\u00f6fte\",\"description\":\"Mevzubahis \u00c7i\u011fk\u00f6fte \u0130se Gerisi Teferruatt\u0131r.\",\"publisher\":{\"@id\":\"https:\\\/\\\/mevzubahis.com.tr\\\/#organization\"},\"potentialAction\":[{\"@type\":\"SearchAction\",\"target\":{\"@type\":\"EntryPoint\",\"urlTemplate\":\"https:\\\/\\\/mevzubahis.com.tr\\\/?s={search_term_string}\"},\"query-input\":{\"@type\":\"PropertyValueSpecification\",\"valueRequired\":true,\"valueName\":\"search_term_string\"}}],\"inLanguage\":\"tr\"},{\"@type\":\"Organization\",\"@id\":\"https:\\\/\\\/mevzubahis.com.tr\\\/#organization\",\"name\":\"Mevzubahis \u00c7i\u011fk\u00f6fte\",\"url\":\"https:\\\/\\\/mevzubahis.com.tr\\\/\",\"logo\":{\"@type\":\"ImageObject\",\"inLanguage\":\"tr\",\"@id\":\"https:\\\/\\\/mevzubahis.com.tr\\\/#\\\/schema\\\/logo\\\/image\\\/\",\"url\":\"https:\\\/\\\/mevzubahis.com.tr\\\/wp-content\\\/uploads\\\/2026\\\/04\\\/cropped-mevzubahis-cigkofte-header-logo.png\",\"contentUrl\":\"https:\\\/\\\/mevzubahis.com.tr\\\/wp-content\\\/uploads\\\/2026\\\/04\\\/cropped-mevzubahis-cigkofte-header-logo.png\",\"width\":516,\"height\":293,\"caption\":\"Mevzubahis \u00c7i\u011fk\u00f6fte\"},\"image\":{\"@id\":\"https:\\\/\\\/mevzubahis.com.tr\\\/#\\\/schema\\\/logo\\\/image\\\/\"}}]}<\/script>\n<!-- \/ Yoast SEO plugin. -->","yoast_head_json":{"title":"Classic Roast Beef - Mevzubahis \u00c7i\u011fk\u00f6fte","robots":{"index":"noindex","follow":"follow","max-snippet":"max-snippet:-1","max-image-preview":"max-image-preview:large","max-video-preview":"max-video-preview:-1"},"og_locale":"tr_TR","og_type":"article","og_title":"Classic Roast Beef - Mevzubahis \u00c7i\u011fk\u00f6fte","og_description":"Consequatur explicabo quasi autem sunt. Perferendis quo esse dolorum hic. Minus sunt aspernatur repellendus deleniti inventore.","og_url":"https:\/\/mevzubahis.com.tr\/index.php\/product\/classic-roast-beef\/","og_site_name":"Mevzubahis \u00c7i\u011fk\u00f6fte","article_modified_time":"2026-04-08T11:22:29+00:00","og_image":[{"width":1000,"height":1000,"url":"https:\/\/mevzubahis.com.tr\/wp-content\/uploads\/2023\/11\/placeholder.jpeg","type":"image\/jpeg"}],"twitter_card":"summary_large_image","schema":{"@context":"https:\/\/schema.org","@graph":[{"@type":"WebPage","@id":"https:\/\/mevzubahis.com.tr\/index.php\/product\/classic-roast-beef\/","url":"https:\/\/mevzubahis.com.tr\/index.php\/product\/classic-roast-beef\/","name":"Classic Roast Beef - Mevzubahis \u00c7i\u011fk\u00f6fte","isPartOf":{"@id":"https:\/\/mevzubahis.com.tr\/#website"},"primaryImageOfPage":{"@id":"https:\/\/mevzubahis.com.tr\/index.php\/product\/classic-roast-beef\/#primaryimage"},"image":{"@id":"https:\/\/mevzubahis.com.tr\/index.php\/product\/classic-roast-beef\/#primaryimage"},"thumbnailUrl":"https:\/\/mevzubahis.com.tr\/wp-content\/uploads\/2023\/11\/placeholder.jpeg","datePublished":"2023-10-19T09:57:55+00:00","dateModified":"2026-04-08T11:22:29+00:00","breadcrumb":{"@id":"https:\/\/mevzubahis.com.tr\/index.php\/product\/classic-roast-beef\/#breadcrumb"},"inLanguage":"tr","potentialAction":[{"@type":"ReadAction","target":["https:\/\/mevzubahis.com.tr\/index.php\/product\/classic-roast-beef\/"]}]},{"@type":"ImageObject","inLanguage":"tr","@id":"https:\/\/mevzubahis.com.tr\/index.php\/product\/classic-roast-beef\/#primaryimage","url":"https:\/\/mevzubahis.com.tr\/wp-content\/uploads\/2023\/11\/placeholder.jpeg","contentUrl":"https:\/\/mevzubahis.com.tr\/wp-content\/uploads\/2023\/11\/placeholder.jpeg","width":1000,"height":1000},{"@type":"BreadcrumbList","@id":"https:\/\/mevzubahis.com.tr\/index.php\/product\/classic-roast-beef\/#breadcrumb","itemListElement":[{"@type":"ListItem","position":1,"name":"Anasayfa","item":"https:\/\/mevzubahis.com.tr\/"},{"@type":"ListItem","position":2,"name":"\u00dcr\u00fcnler \/ Ma\u011faza","item":"https:\/\/mevzubahis.com.tr\/index.php\/urunler-magaza\/"},{"@type":"ListItem","position":3,"name":"Classic Roast Beef"}]},{"@type":"WebSite","@id":"https:\/\/mevzubahis.com.tr\/#website","url":"https:\/\/mevzubahis.com.tr\/","name":"Mevzubahis \u00c7i\u011fk\u00f6fte","description":"Mevzubahis \u00c7i\u011fk\u00f6fte \u0130se Gerisi Teferruatt\u0131r.","publisher":{"@id":"https:\/\/mevzubahis.com.tr\/#organization"},"potentialAction":[{"@type":"SearchAction","target":{"@type":"EntryPoint","urlTemplate":"https:\/\/mevzubahis.com.tr\/?s={search_term_string}"},"query-input":{"@type":"PropertyValueSpecification","valueRequired":true,"valueName":"search_term_string"}}],"inLanguage":"tr"},{"@type":"Organization","@id":"https:\/\/mevzubahis.com.tr\/#organization","name":"Mevzubahis \u00c7i\u011fk\u00f6fte","url":"https:\/\/mevzubahis.com.tr\/","logo":{"@type":"ImageObject","inLanguage":"tr","@id":"https:\/\/mevzubahis.com.tr\/#\/schema\/logo\/image\/","url":"https:\/\/mevzubahis.com.tr\/wp-content\/uploads\/2026\/04\/cropped-mevzubahis-cigkofte-header-logo.png","contentUrl":"https:\/\/mevzubahis.com.tr\/wp-content\/uploads\/2026\/04\/cropped-mevzubahis-cigkofte-header-logo.png","width":516,"height":293,"caption":"Mevzubahis \u00c7i\u011fk\u00f6fte"},"image":{"@id":"https:\/\/mevzubahis.com.tr\/#\/schema\/logo\/image\/"}}]}},"_links":{"self":[{"href":"https:\/\/mevzubahis.com.tr\/index.php\/wp-json\/wp\/v2\/product\/77","targetHints":{"allow":["GET"]}}],"collection":[{"href":"https:\/\/mevzubahis.com.tr\/index.php\/wp-json\/wp\/v2\/product"}],"about":[{"href":"https:\/\/mevzubahis.com.tr\/index.php\/wp-json\/wp\/v2\/types\/product"}],"replies":[{"embeddable":true,"href":"https:\/\/mevzubahis.com.tr\/index.php\/wp-json\/wp\/v2\/comments?post=77"}],"wp:featuredmedia":[{"embeddable":true,"href":"https:\/\/mevzubahis.com.tr\/index.php\/wp-json\/wp\/v2\/media\/6483"}],"wp:attachment":[{"href":"https:\/\/mevzubahis.com.tr\/index.php\/wp-json\/wp\/v2\/media?parent=77"}],"wp:term":[{"taxonomy":"product_brand","embeddable":true,"href":"https:\/\/mevzubahis.com.tr\/index.php\/wp-json\/wp\/v2\/product_brand?post=77"},{"taxonomy":"product_cat","embeddable":true,"href":"https:\/\/mevzubahis.com.tr\/index.php\/wp-json\/wp\/v2\/product_cat?post=77"},{"taxonomy":"product_tag","embeddable":true,"href":"https:\/\/mevzubahis.com.tr\/index.php\/wp-json\/wp\/v2\/product_tag?post=77"}],"curies":[{"name":"wp","href":"https:\/\/api.w.org\/{rel}","templated":true}]}}