{"id":93,"date":"2023-10-19T09:58:16","date_gmt":"2023-10-19T09:58:16","guid":{"rendered":"https:\/\/demo2wpopal.b-cdn.net\/fazfood\/shop\/mediocre-aluminum-wallet\/"},"modified":"2026-04-20T22:44:44","modified_gmt":"2026-04-20T19:44:44","slug":"cigkofte-tedarik","status":"publish","type":"product","link":"https:\/\/mevzubahis.com.tr\/index.php\/product\/cigkofte-tedarik\/","title":{"rendered":"\u00c7\u0130\u011e K\u00d6FTE TEDAR\u0130K"},"content":{"rendered":"<p>T\u00fcrkiye geneline h\u0131zl\u0131 da\u011f\u0131t\u0131m ile<br data-start=\"692\" data-end=\"695\" \/>kesintisiz \u00e7i\u011fk\u00f6fte sevkiyat\u0131 sunulur.<br data-start=\"733\" data-end=\"736\" \/><strong data-start=\"736\" data-end=\"754\">H\u0131zl\u0131 Teslimat<\/strong><\/p>\n","protected":false},"excerpt":{"rendered":"<p>T\u00fcrkiye geneline h\u0131zl\u0131 da\u011f\u0131t\u0131m ile<br data-start=\"692\" data-end=\"695\" \/>kesintisiz \u00e7i\u011fk\u00f6fte sevkiyat\u0131 sunulur.<br data-start=\"733\" data-end=\"736\" \/><strong data-start=\"736\" data-end=\"754\">H\u0131zl\u0131 Teslimat<\/strong><\/p>\n","protected":false},"featured_media":6784,"comment_status":"open","ping_status":"closed","template":"","meta":[],"product_brand":[],"product_cat":[46],"product_tag":[94,91,33,90,45,36],"class_list":{"0":"post-93","1":"product","2":"type-product","3":"status-publish","4":"has-post-thumbnail","6":"product_cat-cigkofte-tedarik","7":"product_tag-cig-kofte-dagitim","8":"product_tag-cig-kofte-satis","9":"product_tag-cigkofte-tedarik","10":"product_tag-cig-kofte-uretici","11":"product_tag-cig-kofte-bayilik","12":"product_tag-toptan-cigkofte","14":"first","15":"instock","16":"shipping-taxable","17":"purchasable","18":"product-type-simple"},"yoast_head":"<!-- This site is optimized with the Yoast SEO plugin v27.4 - https:\/\/yoast.com\/product\/yoast-seo-wordpress\/ -->\n<title>\u00c7i\u011f K\u00f6fte Tedarik | T\u00fcrkiye Geneli \u2013 Mevzubahis<\/title>\n<meta name=\"description\" content=\"\u00c7i\u011f k\u00f6fte tedarik hizmeti ile T\u00fcrkiye geneline h\u0131zl\u0131 ve g\u00fcvenilir \u00fcr\u00fcn sevkiyat\u0131. Mevzubahis kalitesi.\" \/>\n<meta name=\"robots\" content=\"noindex, follow, max-snippet:-1, max-image-preview:large, max-video-preview:-1\" \/>\n<meta property=\"og:locale\" content=\"tr_TR\" \/>\n<meta property=\"og:type\" content=\"article\" \/>\n<meta property=\"og:title\" content=\"\u00c7i\u011f K\u00f6fte Tedarik | T\u00fcrkiye Geneli \u2013 Mevzubahis\" \/>\n<meta property=\"og:description\" content=\"\u00c7i\u011f k\u00f6fte tedarik hizmeti ile T\u00fcrkiye geneline h\u0131zl\u0131 ve g\u00fcvenilir \u00fcr\u00fcn sevkiyat\u0131. Mevzubahis kalitesi.\" \/>\n<meta property=\"og:url\" content=\"https:\/\/mevzubahis.com.tr\/index.php\/product\/cigkofte-tedarik\/\" \/>\n<meta property=\"og:site_name\" content=\"Mevzubahis \u00c7i\u011fk\u00f6fte\" \/>\n<meta property=\"article:modified_time\" content=\"2026-04-20T19:44:44+00:00\" \/>\n<meta property=\"og:image\" content=\"https:\/\/mevzubahis.com.tr\/wp-content\/uploads\/2023\/10\/mevzubahis-cigkofte-klasik-sunum-limonlu-cigkofte-tabagi.jpg\" \/>\n\t<meta property=\"og:image:width\" content=\"1000\" \/>\n\t<meta property=\"og:image:height\" content=\"1000\" \/>\n\t<meta property=\"og:image:type\" content=\"image\/jpeg\" \/>\n<meta name=\"twitter:card\" content=\"summary_large_image\" \/>\n<meta name=\"twitter:label1\" content=\"Tahmini okuma s\u00fcresi\" \/>\n\t<meta name=\"twitter:data1\" content=\"1 dakika\" \/>\n<script type=\"application\/ld+json\" class=\"yoast-schema-graph\">{\"@context\":\"https:\\\/\\\/schema.org\",\"@graph\":[{\"@type\":\"WebPage\",\"@id\":\"https:\\\/\\\/mevzubahis.com.tr\\\/index.php\\\/product\\\/cigkofte-tedarik\\\/\",\"url\":\"https:\\\/\\\/mevzubahis.com.tr\\\/index.php\\\/product\\\/cigkofte-tedarik\\\/\",\"name\":\"\u00c7i\u011f K\u00f6fte Tedarik | T\u00fcrkiye Geneli \u2013 Mevzubahis\",\"isPartOf\":{\"@id\":\"https:\\\/\\\/mevzubahis.com.tr\\\/#website\"},\"primaryImageOfPage\":{\"@id\":\"https:\\\/\\\/mevzubahis.com.tr\\\/index.php\\\/product\\\/cigkofte-tedarik\\\/#primaryimage\"},\"image\":{\"@id\":\"https:\\\/\\\/mevzubahis.com.tr\\\/index.php\\\/product\\\/cigkofte-tedarik\\\/#primaryimage\"},\"thumbnailUrl\":\"https:\\\/\\\/mevzubahis.com.tr\\\/wp-content\\\/uploads\\\/2023\\\/10\\\/mevzubahis-cigkofte-klasik-sunum-limonlu-cigkofte-tabagi.jpg\",\"datePublished\":\"2023-10-19T09:58:16+00:00\",\"dateModified\":\"2026-04-20T19:44:44+00:00\",\"description\":\"\u00c7i\u011f k\u00f6fte tedarik hizmeti ile T\u00fcrkiye geneline h\u0131zl\u0131 ve g\u00fcvenilir \u00fcr\u00fcn sevkiyat\u0131. Mevzubahis kalitesi.\",\"breadcrumb\":{\"@id\":\"https:\\\/\\\/mevzubahis.com.tr\\\/index.php\\\/product\\\/cigkofte-tedarik\\\/#breadcrumb\"},\"inLanguage\":\"tr\",\"potentialAction\":[{\"@type\":\"ReadAction\",\"target\":[\"https:\\\/\\\/mevzubahis.com.tr\\\/index.php\\\/product\\\/cigkofte-tedarik\\\/\"]}]},{\"@type\":\"ImageObject\",\"inLanguage\":\"tr\",\"@id\":\"https:\\\/\\\/mevzubahis.com.tr\\\/index.php\\\/product\\\/cigkofte-tedarik\\\/#primaryimage\",\"url\":\"https:\\\/\\\/mevzubahis.com.tr\\\/wp-content\\\/uploads\\\/2023\\\/10\\\/mevzubahis-cigkofte-klasik-sunum-limonlu-cigkofte-tabagi.jpg\",\"contentUrl\":\"https:\\\/\\\/mevzubahis.com.tr\\\/wp-content\\\/uploads\\\/2023\\\/10\\\/mevzubahis-cigkofte-klasik-sunum-limonlu-cigkofte-tabagi.jpg\",\"width\":1000,\"height\":1000,\"caption\":\"Limon ve ye\u015filliklerle haz\u0131rlanan klasik \u00e7i\u011fk\u00f6fte sunumu\"},{\"@type\":\"BreadcrumbList\",\"@id\":\"https:\\\/\\\/mevzubahis.com.tr\\\/index.php\\\/product\\\/cigkofte-tedarik\\\/#breadcrumb\",\"itemListElement\":[{\"@type\":\"ListItem\",\"position\":1,\"name\":\"Anasayfa\",\"item\":\"https:\\\/\\\/mevzubahis.com.tr\\\/\"},{\"@type\":\"ListItem\",\"position\":2,\"name\":\"\u00dcr\u00fcnler \\\/ Ma\u011faza\",\"item\":\"https:\\\/\\\/mevzubahis.com.tr\\\/index.php\\\/urunler-magaza\\\/\"},{\"@type\":\"ListItem\",\"position\":3,\"name\":\"\u00c7\u0130\u011e K\u00d6FTE TEDAR\u0130K\"}]},{\"@type\":\"WebSite\",\"@id\":\"https:\\\/\\\/mevzubahis.com.tr\\\/#website\",\"url\":\"https:\\\/\\\/mevzubahis.com.tr\\\/\",\"name\":\"Mevzubahis \u00c7i\u011fk\u00f6fte\",\"description\":\"Mevzubahis \u00c7i\u011fk\u00f6fte \u0130se Gerisi Teferruatt\u0131r.\",\"publisher\":{\"@id\":\"https:\\\/\\\/mevzubahis.com.tr\\\/#organization\"},\"potentialAction\":[{\"@type\":\"SearchAction\",\"target\":{\"@type\":\"EntryPoint\",\"urlTemplate\":\"https:\\\/\\\/mevzubahis.com.tr\\\/?s={search_term_string}\"},\"query-input\":{\"@type\":\"PropertyValueSpecification\",\"valueRequired\":true,\"valueName\":\"search_term_string\"}}],\"inLanguage\":\"tr\"},{\"@type\":\"Organization\",\"@id\":\"https:\\\/\\\/mevzubahis.com.tr\\\/#organization\",\"name\":\"Mevzubahis \u00c7i\u011fk\u00f6fte\",\"url\":\"https:\\\/\\\/mevzubahis.com.tr\\\/\",\"logo\":{\"@type\":\"ImageObject\",\"inLanguage\":\"tr\",\"@id\":\"https:\\\/\\\/mevzubahis.com.tr\\\/#\\\/schema\\\/logo\\\/image\\\/\",\"url\":\"https:\\\/\\\/mevzubahis.com.tr\\\/wp-content\\\/uploads\\\/2026\\\/04\\\/cropped-mevzubahis-cigkofte-header-logo.png\",\"contentUrl\":\"https:\\\/\\\/mevzubahis.com.tr\\\/wp-content\\\/uploads\\\/2026\\\/04\\\/cropped-mevzubahis-cigkofte-header-logo.png\",\"width\":516,\"height\":293,\"caption\":\"Mevzubahis \u00c7i\u011fk\u00f6fte\"},\"image\":{\"@id\":\"https:\\\/\\\/mevzubahis.com.tr\\\/#\\\/schema\\\/logo\\\/image\\\/\"}}]}<\/script>\n<!-- \/ Yoast SEO plugin. -->","yoast_head_json":{"title":"\u00c7i\u011f K\u00f6fte Tedarik | T\u00fcrkiye Geneli \u2013 Mevzubahis","description":"\u00c7i\u011f k\u00f6fte tedarik hizmeti ile T\u00fcrkiye geneline h\u0131zl\u0131 ve g\u00fcvenilir \u00fcr\u00fcn sevkiyat\u0131. Mevzubahis kalitesi.","robots":{"index":"noindex","follow":"follow","max-snippet":"max-snippet:-1","max-image-preview":"max-image-preview:large","max-video-preview":"max-video-preview:-1"},"og_locale":"tr_TR","og_type":"article","og_title":"\u00c7i\u011f K\u00f6fte Tedarik | T\u00fcrkiye Geneli \u2013 Mevzubahis","og_description":"\u00c7i\u011f k\u00f6fte tedarik hizmeti ile T\u00fcrkiye geneline h\u0131zl\u0131 ve g\u00fcvenilir \u00fcr\u00fcn sevkiyat\u0131. Mevzubahis kalitesi.","og_url":"https:\/\/mevzubahis.com.tr\/index.php\/product\/cigkofte-tedarik\/","og_site_name":"Mevzubahis \u00c7i\u011fk\u00f6fte","article_modified_time":"2026-04-20T19:44:44+00:00","og_image":[{"width":1000,"height":1000,"url":"https:\/\/mevzubahis.com.tr\/wp-content\/uploads\/2023\/10\/mevzubahis-cigkofte-klasik-sunum-limonlu-cigkofte-tabagi.jpg","type":"image\/jpeg"}],"twitter_card":"summary_large_image","twitter_misc":{"Tahmini okuma s\u00fcresi":"1 dakika"},"schema":{"@context":"https:\/\/schema.org","@graph":[{"@type":"WebPage","@id":"https:\/\/mevzubahis.com.tr\/index.php\/product\/cigkofte-tedarik\/","url":"https:\/\/mevzubahis.com.tr\/index.php\/product\/cigkofte-tedarik\/","name":"\u00c7i\u011f K\u00f6fte Tedarik | T\u00fcrkiye Geneli \u2013 Mevzubahis","isPartOf":{"@id":"https:\/\/mevzubahis.com.tr\/#website"},"primaryImageOfPage":{"@id":"https:\/\/mevzubahis.com.tr\/index.php\/product\/cigkofte-tedarik\/#primaryimage"},"image":{"@id":"https:\/\/mevzubahis.com.tr\/index.php\/product\/cigkofte-tedarik\/#primaryimage"},"thumbnailUrl":"https:\/\/mevzubahis.com.tr\/wp-content\/uploads\/2023\/10\/mevzubahis-cigkofte-klasik-sunum-limonlu-cigkofte-tabagi.jpg","datePublished":"2023-10-19T09:58:16+00:00","dateModified":"2026-04-20T19:44:44+00:00","description":"\u00c7i\u011f k\u00f6fte tedarik hizmeti ile T\u00fcrkiye geneline h\u0131zl\u0131 ve g\u00fcvenilir \u00fcr\u00fcn sevkiyat\u0131. Mevzubahis kalitesi.","breadcrumb":{"@id":"https:\/\/mevzubahis.com.tr\/index.php\/product\/cigkofte-tedarik\/#breadcrumb"},"inLanguage":"tr","potentialAction":[{"@type":"ReadAction","target":["https:\/\/mevzubahis.com.tr\/index.php\/product\/cigkofte-tedarik\/"]}]},{"@type":"ImageObject","inLanguage":"tr","@id":"https:\/\/mevzubahis.com.tr\/index.php\/product\/cigkofte-tedarik\/#primaryimage","url":"https:\/\/mevzubahis.com.tr\/wp-content\/uploads\/2023\/10\/mevzubahis-cigkofte-klasik-sunum-limonlu-cigkofte-tabagi.jpg","contentUrl":"https:\/\/mevzubahis.com.tr\/wp-content\/uploads\/2023\/10\/mevzubahis-cigkofte-klasik-sunum-limonlu-cigkofte-tabagi.jpg","width":1000,"height":1000,"caption":"Limon ve ye\u015filliklerle haz\u0131rlanan klasik \u00e7i\u011fk\u00f6fte sunumu"},{"@type":"BreadcrumbList","@id":"https:\/\/mevzubahis.com.tr\/index.php\/product\/cigkofte-tedarik\/#breadcrumb","itemListElement":[{"@type":"ListItem","position":1,"name":"Anasayfa","item":"https:\/\/mevzubahis.com.tr\/"},{"@type":"ListItem","position":2,"name":"\u00dcr\u00fcnler \/ Ma\u011faza","item":"https:\/\/mevzubahis.com.tr\/index.php\/urunler-magaza\/"},{"@type":"ListItem","position":3,"name":"\u00c7\u0130\u011e K\u00d6FTE TEDAR\u0130K"}]},{"@type":"WebSite","@id":"https:\/\/mevzubahis.com.tr\/#website","url":"https:\/\/mevzubahis.com.tr\/","name":"Mevzubahis \u00c7i\u011fk\u00f6fte","description":"Mevzubahis \u00c7i\u011fk\u00f6fte \u0130se Gerisi Teferruatt\u0131r.","publisher":{"@id":"https:\/\/mevzubahis.com.tr\/#organization"},"potentialAction":[{"@type":"SearchAction","target":{"@type":"EntryPoint","urlTemplate":"https:\/\/mevzubahis.com.tr\/?s={search_term_string}"},"query-input":{"@type":"PropertyValueSpecification","valueRequired":true,"valueName":"search_term_string"}}],"inLanguage":"tr"},{"@type":"Organization","@id":"https:\/\/mevzubahis.com.tr\/#organization","name":"Mevzubahis \u00c7i\u011fk\u00f6fte","url":"https:\/\/mevzubahis.com.tr\/","logo":{"@type":"ImageObject","inLanguage":"tr","@id":"https:\/\/mevzubahis.com.tr\/#\/schema\/logo\/image\/","url":"https:\/\/mevzubahis.com.tr\/wp-content\/uploads\/2026\/04\/cropped-mevzubahis-cigkofte-header-logo.png","contentUrl":"https:\/\/mevzubahis.com.tr\/wp-content\/uploads\/2026\/04\/cropped-mevzubahis-cigkofte-header-logo.png","width":516,"height":293,"caption":"Mevzubahis \u00c7i\u011fk\u00f6fte"},"image":{"@id":"https:\/\/mevzubahis.com.tr\/#\/schema\/logo\/image\/"}}]}},"_links":{"self":[{"href":"https:\/\/mevzubahis.com.tr\/index.php\/wp-json\/wp\/v2\/product\/93","targetHints":{"allow":["GET"]}}],"collection":[{"href":"https:\/\/mevzubahis.com.tr\/index.php\/wp-json\/wp\/v2\/product"}],"about":[{"href":"https:\/\/mevzubahis.com.tr\/index.php\/wp-json\/wp\/v2\/types\/product"}],"replies":[{"embeddable":true,"href":"https:\/\/mevzubahis.com.tr\/index.php\/wp-json\/wp\/v2\/comments?post=93"}],"wp:featuredmedia":[{"embeddable":true,"href":"https:\/\/mevzubahis.com.tr\/index.php\/wp-json\/wp\/v2\/media\/6784"}],"wp:attachment":[{"href":"https:\/\/mevzubahis.com.tr\/index.php\/wp-json\/wp\/v2\/media?parent=93"}],"wp:term":[{"taxonomy":"product_brand","embeddable":true,"href":"https:\/\/mevzubahis.com.tr\/index.php\/wp-json\/wp\/v2\/product_brand?post=93"},{"taxonomy":"product_cat","embeddable":true,"href":"https:\/\/mevzubahis.com.tr\/index.php\/wp-json\/wp\/v2\/product_cat?post=93"},{"taxonomy":"product_tag","embeddable":true,"href":"https:\/\/mevzubahis.com.tr\/index.php\/wp-json\/wp\/v2\/product_tag?post=93"}],"curies":[{"name":"wp","href":"https:\/\/api.w.org\/{rel}","templated":true}]}}