{"id":95,"date":"2023-10-19T09:58:18","date_gmt":"2023-10-19T09:58:18","guid":{"rendered":"https:\/\/demo2wpopal.b-cdn.net\/fazfood\/shop\/practical-steel-clock\/"},"modified":"2026-04-20T22:41:14","modified_gmt":"2026-04-20T19:41:14","slug":"toptan-cigkofte","status":"publish","type":"product","link":"https:\/\/mevzubahis.com.tr\/index.php\/product\/toptan-cigkofte\/","title":{"rendered":"TOPTAN \u00c7\u0130\u011e K\u00d6FTE"},"content":{"rendered":"<p data-start=\"512\" data-end=\"611\">Restoran, market ve kantinlere<br data-start=\"554\" data-end=\"557\" \/>\u00f6zel s\u00fcrekli \u00fcr\u00fcn tedariki sa\u011flan\u0131r.<br data-start=\"593\" data-end=\"596\" \/><strong data-start=\"596\" data-end=\"611\">Uygun Fiyat<\/strong><\/p>\n","protected":false},"excerpt":{"rendered":"<p data-start=\"512\" data-end=\"611\">Restoran, market ve kantinlere<br data-start=\"554\" data-end=\"557\" \/>\u00f6zel s\u00fcrekli \u00fcr\u00fcn tedariki sa\u011flan\u0131r.<br data-start=\"593\" data-end=\"596\" \/><strong data-start=\"596\" data-end=\"611\">Uygun Fiyat<\/strong><\/p>\n","protected":false},"featured_media":6764,"comment_status":"open","ping_status":"closed","template":"","meta":[],"product_brand":[],"product_cat":[37,42],"product_tag":[89,91,33,90,45,36,43],"class_list":{"0":"post-95","1":"product","2":"type-product","3":"status-publish","4":"has-post-thumbnail","6":"product_cat-10kg-cigkofte","7":"product_cat-toptan-cigkofte","8":"product_tag-cig-kofte-fiyatlari","9":"product_tag-cig-kofte-satis","10":"product_tag-cigkofte-tedarik","11":"product_tag-cig-kofte-uretici","12":"product_tag-cig-kofte-bayilik","13":"product_tag-toptan-cigkofte","14":"product_tag-pizza","16":"first","17":"instock","18":"featured","19":"virtual","20":"purchasable","21":"product-type-simple"},"yoast_head":"<!-- This site is optimized with the Yoast SEO plugin v27.4 - https:\/\/yoast.com\/product\/yoast-seo-wordpress\/ -->\n<title>Toptan \u00c7i\u011f K\u00f6fte | Uygun Fiyat \u2013 Mevzubahis<\/title>\n<meta name=\"description\" content=\"Toptan \u00e7i\u011f k\u00f6fte sat\u0131\u015f\u0131, uygun fiyat ve kaliteli \u00fcretim ile Mevzubahis g\u00fcvencesi. T\u00fcrkiye geneli tedarik.\" \/>\n<meta name=\"robots\" content=\"noindex, follow, max-snippet:-1, max-image-preview:large, max-video-preview:-1\" \/>\n<meta property=\"og:locale\" content=\"tr_TR\" \/>\n<meta property=\"og:type\" content=\"article\" \/>\n<meta property=\"og:title\" content=\"Toptan \u00c7i\u011f K\u00f6fte | Uygun Fiyat \u2013 Mevzubahis\" \/>\n<meta property=\"og:description\" content=\"Toptan \u00e7i\u011f k\u00f6fte sat\u0131\u015f\u0131, uygun fiyat ve kaliteli \u00fcretim ile Mevzubahis g\u00fcvencesi. T\u00fcrkiye geneli tedarik.\" \/>\n<meta property=\"og:url\" content=\"https:\/\/mevzubahis.com.tr\/index.php\/product\/toptan-cigkofte\/\" \/>\n<meta property=\"og:site_name\" content=\"Mevzubahis \u00c7i\u011fk\u00f6fte\" \/>\n<meta property=\"article:modified_time\" content=\"2026-04-20T19:41:14+00:00\" \/>\n<meta property=\"og:image\" content=\"https:\/\/mevzubahis.com.tr\/wp-content\/uploads\/2023\/10\/mevzubahis-cigkofte-sunum-tabagi-taze-cigkofte-2.jpg\" \/>\n\t<meta property=\"og:image:width\" content=\"1000\" \/>\n\t<meta property=\"og:image:height\" content=\"1000\" \/>\n\t<meta property=\"og:image:type\" content=\"image\/jpeg\" \/>\n<meta name=\"twitter:card\" content=\"summary_large_image\" \/>\n<meta name=\"twitter:label1\" content=\"Tahmini okuma s\u00fcresi\" \/>\n\t<meta name=\"twitter:data1\" content=\"1 dakika\" \/>\n<script type=\"application\/ld+json\" class=\"yoast-schema-graph\">{\"@context\":\"https:\\\/\\\/schema.org\",\"@graph\":[{\"@type\":\"WebPage\",\"@id\":\"https:\\\/\\\/mevzubahis.com.tr\\\/index.php\\\/product\\\/toptan-cigkofte\\\/\",\"url\":\"https:\\\/\\\/mevzubahis.com.tr\\\/index.php\\\/product\\\/toptan-cigkofte\\\/\",\"name\":\"Toptan \u00c7i\u011f K\u00f6fte | Uygun Fiyat \u2013 Mevzubahis\",\"isPartOf\":{\"@id\":\"https:\\\/\\\/mevzubahis.com.tr\\\/#website\"},\"primaryImageOfPage\":{\"@id\":\"https:\\\/\\\/mevzubahis.com.tr\\\/index.php\\\/product\\\/toptan-cigkofte\\\/#primaryimage\"},\"image\":{\"@id\":\"https:\\\/\\\/mevzubahis.com.tr\\\/index.php\\\/product\\\/toptan-cigkofte\\\/#primaryimage\"},\"thumbnailUrl\":\"https:\\\/\\\/mevzubahis.com.tr\\\/wp-content\\\/uploads\\\/2023\\\/10\\\/mevzubahis-cigkofte-sunum-tabagi-taze-cigkofte-2.jpg\",\"datePublished\":\"2023-10-19T09:58:18+00:00\",\"dateModified\":\"2026-04-20T19:41:14+00:00\",\"description\":\"Toptan \u00e7i\u011f k\u00f6fte sat\u0131\u015f\u0131, uygun fiyat ve kaliteli \u00fcretim ile Mevzubahis g\u00fcvencesi. T\u00fcrkiye geneli tedarik.\",\"breadcrumb\":{\"@id\":\"https:\\\/\\\/mevzubahis.com.tr\\\/index.php\\\/product\\\/toptan-cigkofte\\\/#breadcrumb\"},\"inLanguage\":\"tr\",\"potentialAction\":[{\"@type\":\"ReadAction\",\"target\":[\"https:\\\/\\\/mevzubahis.com.tr\\\/index.php\\\/product\\\/toptan-cigkofte\\\/\"]}]},{\"@type\":\"ImageObject\",\"inLanguage\":\"tr\",\"@id\":\"https:\\\/\\\/mevzubahis.com.tr\\\/index.php\\\/product\\\/toptan-cigkofte\\\/#primaryimage\",\"url\":\"https:\\\/\\\/mevzubahis.com.tr\\\/wp-content\\\/uploads\\\/2023\\\/10\\\/mevzubahis-cigkofte-sunum-tabagi-taze-cigkofte-2.jpg\",\"contentUrl\":\"https:\\\/\\\/mevzubahis.com.tr\\\/wp-content\\\/uploads\\\/2023\\\/10\\\/mevzubahis-cigkofte-sunum-tabagi-taze-cigkofte-2.jpg\",\"width\":1000,\"height\":1000,\"caption\":\"Taze \u00e7i\u011fk\u00f6fte sunumu ve servis taba\u011f\u0131\"},{\"@type\":\"BreadcrumbList\",\"@id\":\"https:\\\/\\\/mevzubahis.com.tr\\\/index.php\\\/product\\\/toptan-cigkofte\\\/#breadcrumb\",\"itemListElement\":[{\"@type\":\"ListItem\",\"position\":1,\"name\":\"Anasayfa\",\"item\":\"https:\\\/\\\/mevzubahis.com.tr\\\/\"},{\"@type\":\"ListItem\",\"position\":2,\"name\":\"\u00dcr\u00fcnler \\\/ Ma\u011faza\",\"item\":\"https:\\\/\\\/mevzubahis.com.tr\\\/index.php\\\/urunler-magaza\\\/\"},{\"@type\":\"ListItem\",\"position\":3,\"name\":\"TOPTAN \u00c7\u0130\u011e K\u00d6FTE\"}]},{\"@type\":\"WebSite\",\"@id\":\"https:\\\/\\\/mevzubahis.com.tr\\\/#website\",\"url\":\"https:\\\/\\\/mevzubahis.com.tr\\\/\",\"name\":\"Mevzubahis \u00c7i\u011fk\u00f6fte\",\"description\":\"Mevzubahis \u00c7i\u011fk\u00f6fte \u0130se Gerisi Teferruatt\u0131r.\",\"publisher\":{\"@id\":\"https:\\\/\\\/mevzubahis.com.tr\\\/#organization\"},\"potentialAction\":[{\"@type\":\"SearchAction\",\"target\":{\"@type\":\"EntryPoint\",\"urlTemplate\":\"https:\\\/\\\/mevzubahis.com.tr\\\/?s={search_term_string}\"},\"query-input\":{\"@type\":\"PropertyValueSpecification\",\"valueRequired\":true,\"valueName\":\"search_term_string\"}}],\"inLanguage\":\"tr\"},{\"@type\":\"Organization\",\"@id\":\"https:\\\/\\\/mevzubahis.com.tr\\\/#organization\",\"name\":\"Mevzubahis \u00c7i\u011fk\u00f6fte\",\"url\":\"https:\\\/\\\/mevzubahis.com.tr\\\/\",\"logo\":{\"@type\":\"ImageObject\",\"inLanguage\":\"tr\",\"@id\":\"https:\\\/\\\/mevzubahis.com.tr\\\/#\\\/schema\\\/logo\\\/image\\\/\",\"url\":\"https:\\\/\\\/mevzubahis.com.tr\\\/wp-content\\\/uploads\\\/2026\\\/04\\\/cropped-mevzubahis-cigkofte-header-logo.png\",\"contentUrl\":\"https:\\\/\\\/mevzubahis.com.tr\\\/wp-content\\\/uploads\\\/2026\\\/04\\\/cropped-mevzubahis-cigkofte-header-logo.png\",\"width\":516,\"height\":293,\"caption\":\"Mevzubahis \u00c7i\u011fk\u00f6fte\"},\"image\":{\"@id\":\"https:\\\/\\\/mevzubahis.com.tr\\\/#\\\/schema\\\/logo\\\/image\\\/\"}}]}<\/script>\n<!-- \/ Yoast SEO plugin. -->","yoast_head_json":{"title":"Toptan \u00c7i\u011f K\u00f6fte | Uygun Fiyat \u2013 Mevzubahis","description":"Toptan \u00e7i\u011f k\u00f6fte sat\u0131\u015f\u0131, uygun fiyat ve kaliteli \u00fcretim ile Mevzubahis g\u00fcvencesi. T\u00fcrkiye geneli tedarik.","robots":{"index":"noindex","follow":"follow","max-snippet":"max-snippet:-1","max-image-preview":"max-image-preview:large","max-video-preview":"max-video-preview:-1"},"og_locale":"tr_TR","og_type":"article","og_title":"Toptan \u00c7i\u011f K\u00f6fte | Uygun Fiyat \u2013 Mevzubahis","og_description":"Toptan \u00e7i\u011f k\u00f6fte sat\u0131\u015f\u0131, uygun fiyat ve kaliteli \u00fcretim ile Mevzubahis g\u00fcvencesi. T\u00fcrkiye geneli tedarik.","og_url":"https:\/\/mevzubahis.com.tr\/index.php\/product\/toptan-cigkofte\/","og_site_name":"Mevzubahis \u00c7i\u011fk\u00f6fte","article_modified_time":"2026-04-20T19:41:14+00:00","og_image":[{"width":1000,"height":1000,"url":"https:\/\/mevzubahis.com.tr\/wp-content\/uploads\/2023\/10\/mevzubahis-cigkofte-sunum-tabagi-taze-cigkofte-2.jpg","type":"image\/jpeg"}],"twitter_card":"summary_large_image","twitter_misc":{"Tahmini okuma s\u00fcresi":"1 dakika"},"schema":{"@context":"https:\/\/schema.org","@graph":[{"@type":"WebPage","@id":"https:\/\/mevzubahis.com.tr\/index.php\/product\/toptan-cigkofte\/","url":"https:\/\/mevzubahis.com.tr\/index.php\/product\/toptan-cigkofte\/","name":"Toptan \u00c7i\u011f K\u00f6fte | Uygun Fiyat \u2013 Mevzubahis","isPartOf":{"@id":"https:\/\/mevzubahis.com.tr\/#website"},"primaryImageOfPage":{"@id":"https:\/\/mevzubahis.com.tr\/index.php\/product\/toptan-cigkofte\/#primaryimage"},"image":{"@id":"https:\/\/mevzubahis.com.tr\/index.php\/product\/toptan-cigkofte\/#primaryimage"},"thumbnailUrl":"https:\/\/mevzubahis.com.tr\/wp-content\/uploads\/2023\/10\/mevzubahis-cigkofte-sunum-tabagi-taze-cigkofte-2.jpg","datePublished":"2023-10-19T09:58:18+00:00","dateModified":"2026-04-20T19:41:14+00:00","description":"Toptan \u00e7i\u011f k\u00f6fte sat\u0131\u015f\u0131, uygun fiyat ve kaliteli \u00fcretim ile Mevzubahis g\u00fcvencesi. T\u00fcrkiye geneli tedarik.","breadcrumb":{"@id":"https:\/\/mevzubahis.com.tr\/index.php\/product\/toptan-cigkofte\/#breadcrumb"},"inLanguage":"tr","potentialAction":[{"@type":"ReadAction","target":["https:\/\/mevzubahis.com.tr\/index.php\/product\/toptan-cigkofte\/"]}]},{"@type":"ImageObject","inLanguage":"tr","@id":"https:\/\/mevzubahis.com.tr\/index.php\/product\/toptan-cigkofte\/#primaryimage","url":"https:\/\/mevzubahis.com.tr\/wp-content\/uploads\/2023\/10\/mevzubahis-cigkofte-sunum-tabagi-taze-cigkofte-2.jpg","contentUrl":"https:\/\/mevzubahis.com.tr\/wp-content\/uploads\/2023\/10\/mevzubahis-cigkofte-sunum-tabagi-taze-cigkofte-2.jpg","width":1000,"height":1000,"caption":"Taze \u00e7i\u011fk\u00f6fte sunumu ve servis taba\u011f\u0131"},{"@type":"BreadcrumbList","@id":"https:\/\/mevzubahis.com.tr\/index.php\/product\/toptan-cigkofte\/#breadcrumb","itemListElement":[{"@type":"ListItem","position":1,"name":"Anasayfa","item":"https:\/\/mevzubahis.com.tr\/"},{"@type":"ListItem","position":2,"name":"\u00dcr\u00fcnler \/ Ma\u011faza","item":"https:\/\/mevzubahis.com.tr\/index.php\/urunler-magaza\/"},{"@type":"ListItem","position":3,"name":"TOPTAN \u00c7\u0130\u011e K\u00d6FTE"}]},{"@type":"WebSite","@id":"https:\/\/mevzubahis.com.tr\/#website","url":"https:\/\/mevzubahis.com.tr\/","name":"Mevzubahis \u00c7i\u011fk\u00f6fte","description":"Mevzubahis \u00c7i\u011fk\u00f6fte \u0130se Gerisi Teferruatt\u0131r.","publisher":{"@id":"https:\/\/mevzubahis.com.tr\/#organization"},"potentialAction":[{"@type":"SearchAction","target":{"@type":"EntryPoint","urlTemplate":"https:\/\/mevzubahis.com.tr\/?s={search_term_string}"},"query-input":{"@type":"PropertyValueSpecification","valueRequired":true,"valueName":"search_term_string"}}],"inLanguage":"tr"},{"@type":"Organization","@id":"https:\/\/mevzubahis.com.tr\/#organization","name":"Mevzubahis \u00c7i\u011fk\u00f6fte","url":"https:\/\/mevzubahis.com.tr\/","logo":{"@type":"ImageObject","inLanguage":"tr","@id":"https:\/\/mevzubahis.com.tr\/#\/schema\/logo\/image\/","url":"https:\/\/mevzubahis.com.tr\/wp-content\/uploads\/2026\/04\/cropped-mevzubahis-cigkofte-header-logo.png","contentUrl":"https:\/\/mevzubahis.com.tr\/wp-content\/uploads\/2026\/04\/cropped-mevzubahis-cigkofte-header-logo.png","width":516,"height":293,"caption":"Mevzubahis \u00c7i\u011fk\u00f6fte"},"image":{"@id":"https:\/\/mevzubahis.com.tr\/#\/schema\/logo\/image\/"}}]}},"_links":{"self":[{"href":"https:\/\/mevzubahis.com.tr\/index.php\/wp-json\/wp\/v2\/product\/95","targetHints":{"allow":["GET"]}}],"collection":[{"href":"https:\/\/mevzubahis.com.tr\/index.php\/wp-json\/wp\/v2\/product"}],"about":[{"href":"https:\/\/mevzubahis.com.tr\/index.php\/wp-json\/wp\/v2\/types\/product"}],"replies":[{"embeddable":true,"href":"https:\/\/mevzubahis.com.tr\/index.php\/wp-json\/wp\/v2\/comments?post=95"}],"wp:featuredmedia":[{"embeddable":true,"href":"https:\/\/mevzubahis.com.tr\/index.php\/wp-json\/wp\/v2\/media\/6764"}],"wp:attachment":[{"href":"https:\/\/mevzubahis.com.tr\/index.php\/wp-json\/wp\/v2\/media?parent=95"}],"wp:term":[{"taxonomy":"product_brand","embeddable":true,"href":"https:\/\/mevzubahis.com.tr\/index.php\/wp-json\/wp\/v2\/product_brand?post=95"},{"taxonomy":"product_cat","embeddable":true,"href":"https:\/\/mevzubahis.com.tr\/index.php\/wp-json\/wp\/v2\/product_cat?post=95"},{"taxonomy":"product_tag","embeddable":true,"href":"https:\/\/mevzubahis.com.tr\/index.php\/wp-json\/wp\/v2\/product_tag?post=95"}],"curies":[{"name":"wp","href":"https:\/\/api.w.org\/{rel}","templated":true}]}}